{"id":119,"date":"2015-05-26T11:14:02","date_gmt":"2014-10-14T10:14:39","guid":{"rendered":"http:\/\/sport.folyondar.akosv.com\/?page_id=119"},"modified":"2023-01-26T13:28:34","modified_gmt":"2023-01-26T11:28:34","slug":"kapcsolat","status":"publish","type":"page","link":"https:\/\/folyondar.hu\/?page_id=119","title":{"rendered":"Kapcsolat"},"content":{"rendered":"<p class=\"page-header\">C\u00cdM: 1037 Budapest, Folyond\u00e1r utca 15.<br \/>\nTELEFON: +36 1 244 8850; +36 70 967 1678<br \/>\nE-MAIL: <a href=\"mailto:info@folyondar.hu\">recepcio@folyondar.hu<\/a><\/p>\n<p class=\"page-header\">K\u00f6vess minket a <a href=\"https:\/\/www.facebook.com\/folyondar\/\">Facebookon<\/a> \u00e9s <a href=\"https:\/\/www.instagram.com\/folyondar\/\">Instagrammon<\/a>!<\/p>\n<p class=\"page-header\"><span style=\"color: #c6006f;\"><a title=\"\u00datvonalterv\" href=\"https:\/\/www.google.hu\/maps\/dir\/\/Folyond%C3%A1r+u.+15,+Budapest,+1037\/@47.5335667,19.028247,17z\/data=!4m13!1m4!3m3!1s0x4741d9456098957f:0x6e4a68dc9efe2e81!2sFolyond%C3%A1r+u.+15,+Budapest,+1037!3b1!4m7!1m0!1m5!1m1!1s0x4741d9456098957f:0x6e4a68dc9efe2e81!2m2!1d19.028247!2d47.5335667?hl=en\" target=\"_blank\" rel=\"noopener noreferrer\">\u00daTVONALTERV<\/a><\/span><\/p>\n<div class=\"page-header\">\n<div>MEGK\u00d6ZEL\u00cdT\u00c9S:<\/div>\n<p style=\"text-align: justify;\">L\u00e9tes\u00edtm\u00e9ny\u00fcnk ak\u00e1r <span style=\"color: #c6006f;\">aut\u00f3val<\/span>, ak\u00e1r t\u00f6meg k\u00f6zlekedve is j\u00f3l megk\u00f6zel\u00edthet\u0151. Aut\u00f3val \u00e9rkez\u0151 vend\u00e9geinknek k\u00e9t \u00fatvonalat tudunk aj\u00e1nlani. A Kolosy t\u00e9r fel\u0151l a Sz\u00e9pv\u00f6lgyi \u00faton kell megk\u00f6zel\u00edteni a Folyond\u00e1r utc\u00e1t, m\u00edg az \u00c1rp\u00e1d-h\u00edd fel\u0151l \u00e9rkez\u0151k a Kiscelli utca fel\u0151l tudj\u00e1k k\u00f6nnyed\u00e9n el\u00e9rni a Sportk\u00f6zpontot.<\/p>\n<p style=\"text-align: justify;\">A <span style=\"color: #c6006f;\">t\u00f6megk\u00f6zleked\u00e9st <\/span>v\u00e1laszt\u00f3k sz\u00e1m\u00e1ra t\u00f6bb lehet\u0151s\u00e9get tudunk aj\u00e1nlani. A Kolosy teret a 86-os, 109-es, 111-es, 160-as, 206-os, 260-as buszok, a 17-es villamos \u00e9s a szentendrei H\u00e9v seg\u00edts\u00e9g\u00e9vel lehet el\u00e9rni, onnan pedig a 165-\u00f6s busz j\u00f6n fel a Folyond\u00e1rhoz.<\/p>\n<p style=\"text-align: justify;\">A legsportosabbaknak a<span style=\"color: #c6006f;\"> gyalogos<\/span> megk\u00f6zel\u00edt\u00e9st is aj\u00e1nljuk, 15 perces domboldali s\u00e9ta alatt fel lehet jutni hozz\u00e1nk.<\/p>\n<\/div>\n<div class=\"page-header\"><\/div>\n<div>\n<p><iframe loading=\"lazy\" style=\"border: 0;\" src=\"https:\/\/www.google.com\/maps\/embed?pb=!1m14!1m8!1m3!1d2693.758388683545!2d19.028247!3d47.53356669999999!3m2!1i1024!2i768!4f13.1!3m3!1m2!1s0x4741d9456098957f%3A0x6e4a68dc9efe2e81!2sFolyond%C3%A1r+u.+15%2C+Budapest%2C+1037!5e0!3m2!1sen!2shu!4v1414578379005\" width=\"1000\" height=\"400\" frameborder=\"0\"><\/iframe><\/p>\n<\/div>\n","protected":false},"excerpt":{"rendered":"<p>C\u00cdM: 1037 Budapest, Folyond\u00e1r utca 15. TELEFON: +36 1 244 8850; +36 70 967 1678 E-MAIL: recepcio@folyondar.hu K\u00f6vess minket a Facebookon \u00e9s Instagrammon! \u00daTVONALTERV MEGK\u00d6ZEL\u00cdT\u00c9S: L\u00e9tes\u00edtm\u00e9ny\u00fcnk ak\u00e1r aut\u00f3val, ak\u00e1r t\u00f6meg k\u00f6zlekedve is j\u00f3l megk\u00f6zel\u00edthet\u0151. Aut\u00f3val \u00e9rkez\u0151 vend\u00e9geinknek k\u00e9t \u00fatvonalat tudunk aj\u00e1nlani. A Kolosy t\u00e9r fel\u0151l a Sz\u00e9pv\u00f6lgyi \u00faton kell megk\u00f6zel\u00edteni a Folyond\u00e1r utc\u00e1t, m\u00edg az&hellip;<\/p>\n","protected":false},"author":1,"featured_media":2264,"parent":0,"menu_order":0,"comment_status":"open","ping_status":"open","template":"","meta":{"footnotes":""},"class_list":["post-119","page","type-page","status-publish","has-post-thumbnail","hentry"],"_links":{"self":[{"href":"https:\/\/folyondar.hu\/index.php?rest_route=\/wp\/v2\/pages\/119","targetHints":{"allow":["GET"]}}],"collection":[{"href":"https:\/\/folyondar.hu\/index.php?rest_route=\/wp\/v2\/pages"}],"about":[{"href":"https:\/\/folyondar.hu\/index.php?rest_route=\/wp\/v2\/types\/page"}],"author":[{"embeddable":true,"href":"https:\/\/folyondar.hu\/index.php?rest_route=\/wp\/v2\/users\/1"}],"replies":[{"embeddable":true,"href":"https:\/\/folyondar.hu\/index.php?rest_route=%2Fwp%2Fv2%2Fcomments&post=119"}],"version-history":[{"count":7,"href":"https:\/\/folyondar.hu\/index.php?rest_route=\/wp\/v2\/pages\/119\/revisions"}],"predecessor-version":[{"id":5500,"href":"https:\/\/folyondar.hu\/index.php?rest_route=\/wp\/v2\/pages\/119\/revisions\/5500"}],"wp:featuredmedia":[{"embeddable":true,"href":"https:\/\/folyondar.hu\/index.php?rest_route=\/wp\/v2\/media\/2264"}],"wp:attachment":[{"href":"https:\/\/folyondar.hu\/index.php?rest_route=%2Fwp%2Fv2%2Fmedia&parent=119"}],"curies":[{"name":"wp","href":"https:\/\/api.w.org\/{rel}","templated":true}]}}