{"id":1770,"date":"2015-03-02T11:59:24","date_gmt":"2015-03-02T09:59:24","guid":{"rendered":"http:\/\/folyondar.hu\/?page_id=1770"},"modified":"2025-11-25T09:47:50","modified_gmt":"2025-11-25T07:47:50","slug":"tennis","status":"publish","type":"page","link":"https:\/\/folyondar.hu\/?page_id=1770","title":{"rendered":"Tennis"},"content":{"rendered":"<p><span style=\"color: #c6006f;\"><div class=\"ezcol ezcol-one-half\"><\/span><\/p>\n<h2><span style=\"color: #c6006f;\">Play tennis at Folyond\u00e1r<\/span><\/h2>\n<p style=\"text-align: justify;\">We offer you 8 premium quality slag, and 2 hard courts located in a beautiful park. \u00a0It has plenty to offer all its adult tennis members, from absolute beginners through advanced players. We\u2019re offering the perfect setting to enjoy the sport, keep fit, relax and socialize. Upon request we provide coaches, equipment and fully transact your business or social tournaments.<\/p>\n<p style=\"text-align: justify;\">The Folyond\u00e1r\u00a0Tennis Academy is waiting for kids! Coaching is available for all ages and levels of playing ability in private or group classes. <a href=\"http:\/\/folyondar.hu\/en\/tennis\/tennis-lessons\/\" target=\"_blank\" rel=\"noopener noreferrer\">Meet\u00a0the\u00a0coaches!<\/a><\/p>\n<\/div> <div class=\"ezcol ezcol-one-half ezcol-last\"><img loading=\"lazy\" decoding=\"async\" class=\"alignnone size-full wp-image-1790\" src=\"http:\/\/folyondar.hu\/wp-content\/uploads\/2015\/03\/teniszpalya3.jpg\" alt=\"outdoor tennis courts Folyond\u00e1r\" width=\"1024\" height=\"686\" \/><\/div><div class=\"ezcol-divider\"><\/div><\/p>\n<h2 style=\"text-align: center;\"><span style=\"color: #c6006f;\">Prices<\/span><\/h2>\n<p style=\"text-align: left;\"><div class=\"ezcol ezcol-one-half\">\n<table style=\"height: 407px;\" width=\"501\">\n<tbody>\n<tr>\n<td style=\"text-align: center;\" colspan=\"2\"><span style=\"color: #808080;\"><strong>WINTER SEASON COURT RATES<\/strong><\/span><\/td>\n<\/tr>\n<tr>\n<td style=\"text-align: center;\" colspan=\"2\"><span style=\"color: #c6006f;\">MONDAY &#8211; FRIDAY<\/span><\/td>\n<\/tr>\n<tr>\n<td style=\"text-align: center;\"><span style=\"color: #808080;\">07.00 &#8211; 11.00<\/span><\/td>\n<td style=\"text-align: center;\"><span style=\"color: #808080;\">10.490HUF\/hr<\/span><\/td>\n<\/tr>\n<tr>\n<td style=\"text-align: center;\"><span style=\"color: #808080;\">11.00 &#8211; 15.00<\/span><\/td>\n<td style=\"text-align: center;\"><span style=\"color: #808080;\">9.990 HUF\/hr<\/span><\/td>\n<\/tr>\n<tr>\n<td style=\"text-align: center;\"><span style=\"color: #808080;\">14.00 &#8211; 20.00<\/span><\/td>\n<td style=\"text-align: center;\"><span style=\"color: #808080;\">10.490 HUF\/hr<\/span><\/td>\n<\/tr>\n<tr>\n<td style=\"text-align: center;\"><span style=\"color: #808080;\">20.00 &#8211; 22.00<\/span><\/td>\n<td style=\"text-align: center;\"><span style=\"color: #808080;\">9.990 HUF\/hr<\/span><\/td>\n<\/tr>\n<tr>\n<td style=\"text-align: center;\"><\/td>\n<td style=\"text-align: center;\"><\/td>\n<\/tr>\n<tr>\n<td style=\"text-align: center;\"><\/td>\n<td style=\"text-align: center;\"><\/td>\n<\/tr>\n<tr>\n<td style=\"text-align: center;\" colspan=\"2\"><span style=\"color: #c6006f;\">SATURDAY &#8211; SUNDAY<\/span><\/td>\n<\/tr>\n<tr>\n<td style=\"text-align: center;\"><span style=\"color: #808080;\">08.00 -20.00<\/span><\/td>\n<td style=\"text-align: center;\"><span style=\"color: #808080;\">8.490 HUF\/hr<\/span><\/td>\n<\/tr>\n<tr>\n<td style=\"text-align: center;\"><\/td>\n<td style=\"text-align: center;\"><\/td>\n<\/tr>\n<tr>\n<td style=\"text-align: center;\" colspan=\"2\"><span style=\"color: #808080;\">*The prices include VAT<\/span><\/td>\n<\/tr>\n<\/tbody>\n<\/table>\n<\/div> <div class=\"ezcol ezcol-one-half ezcol-last\">\n<h5><span style=\"color: #c6006f;\">Tennis Racquet Rental<\/span><\/h5>\n<p style=\"text-align: justify;\">Do not worry you forgot your racquet or don\u2019t have your own yet. Folyond\u00e1r Tennis provides you racquet rentals at a great price. Racquets are available at the reception desk for 500 HUF\/hour.<\/p>\n<h5 style=\"text-align: justify;\"><span style=\"color: #c6006f;\">Changing rooms with sauna are included in the price<\/span><\/h5>\n<p>For further information<span style=\"color: #c6006f;\"><em> about the sauna <\/em><\/span>please click here!<\/p>\n<h5><span style=\"color: #c6006f;\">Vasas K\u00f6rm\u00f6czy Zsuzsa Tennis Academy<\/span><\/h5>\n<p style=\"text-align: justify;\">For further information please contact the head coach of the\u00a0Vasas K\u00f6rm\u00f6czy Zsuzsa Tennis Academy Bocskay J\u00f3zsef.<\/p>\n<p style=\"text-align: justify;\">+36 30 992 3799;\u00a0\u00a0<a href=\"mailto:bocsjoco@hotmail.com\" target=\"_blank\" rel=\"noopener noreferrer\">bocsjoco@hotmail.com<\/a><\/div><div class=\"ezcol-divider\"><\/div><\/p>\n<h2 style=\"text-align: center;\"><span style=\"color: #c6006f;\">Tennis Courts<\/span><\/h2>\n<p style=\"text-align: center;\">Our high quality hard courts are available throughout the year to members and their guests, as well as visitors. Bookings for courts can be done, directly through the club receptionist at +36 1 244 8850; +36 70 967 1678 phone number.<\/p>\n<p style=\"text-align: center;\"><div class=\"ezcol ezcol-one-half\"><img loading=\"lazy\" decoding=\"async\" class=\"alignnone size-full wp-image-1785\" src=\"http:\/\/folyondar.hu\/wp-content\/uploads\/2015\/03\/image3086.png\" alt=\"tennis courts\" width=\"497\" height=\"406\" \/><\/div> <div class=\"ezcol ezcol-one-half ezcol-last\">\n<table>\n<tbody>\n<tr>\n<td><\/td>\n<td style=\"text-align: center;\"><span style=\"color: #808080;\">SUMMER SEASON<\/span><\/td>\n<td style=\"text-align: center;\"><span style=\"color: #808080;\">WINTER SEASION<\/span><\/td>\n<\/tr>\n<tr>\n<td><\/td>\n<td style=\"text-align: center;\"><\/td>\n<td style=\"text-align: center;\"><\/td>\n<\/tr>\n<tr>\n<td><span style=\"color: #808080;\">TENTS<\/span><\/td>\n<td style=\"text-align: center;\"><span style=\"color: #808080;\">&#8211;<\/span><\/td>\n<td style=\"text-align: center;\"><span style=\"color: #808080;\">2<\/span><\/td>\n<\/tr>\n<tr>\n<td><span style=\"color: #808080;\">NUMBER OF COURTS<\/span><\/td>\n<td style=\"text-align: center;\"><span style=\"color: #808080;\">8<\/span><\/td>\n<td style=\"text-align: center;\"><span style=\"color: #808080;\">7<\/span><\/td>\n<\/tr>\n<\/tbody>\n<\/table>\n<p style=\"text-align: left;\"><\/div><div class=\"ezcol-divider\"><\/div><\/p>\n<p style=\"text-align: center;\">\n","protected":false},"excerpt":{"rendered":"<p>Prices Tennis Courts Our high quality hard courts are available throughout the year to members and their guests, as well as visitors. Bookings for courts can be done, directly through the club receptionist at +36 1 244 8850; +36 70 967 1678 phone number.<\/p>\n","protected":false},"author":1,"featured_media":1772,"parent":0,"menu_order":0,"comment_status":"closed","ping_status":"closed","template":"","meta":{"footnotes":""},"class_list":["post-1770","page","type-page","status-publish","has-post-thumbnail","hentry"],"_links":{"self":[{"href":"https:\/\/folyondar.hu\/index.php?rest_route=\/wp\/v2\/pages\/1770","targetHints":{"allow":["GET"]}}],"collection":[{"href":"https:\/\/folyondar.hu\/index.php?rest_route=\/wp\/v2\/pages"}],"about":[{"href":"https:\/\/folyondar.hu\/index.php?rest_route=\/wp\/v2\/types\/page"}],"author":[{"embeddable":true,"href":"https:\/\/folyondar.hu\/index.php?rest_route=\/wp\/v2\/users\/1"}],"replies":[{"embeddable":true,"href":"https:\/\/folyondar.hu\/index.php?rest_route=%2Fwp%2Fv2%2Fcomments&post=1770"}],"version-history":[{"count":2,"href":"https:\/\/folyondar.hu\/index.php?rest_route=\/wp\/v2\/pages\/1770\/revisions"}],"predecessor-version":[{"id":5644,"href":"https:\/\/folyondar.hu\/index.php?rest_route=\/wp\/v2\/pages\/1770\/revisions\/5644"}],"wp:featuredmedia":[{"embeddable":true,"href":"https:\/\/folyondar.hu\/index.php?rest_route=\/wp\/v2\/media\/1772"}],"wp:attachment":[{"href":"https:\/\/folyondar.hu\/index.php?rest_route=%2Fwp%2Fv2%2Fmedia&parent=1770"}],"curies":[{"name":"wp","href":"https:\/\/api.w.org\/{rel}","templated":true}]}}