{"id":1806,"date":"2015-03-09T12:34:35","date_gmt":"2015-03-09T10:34:35","guid":{"rendered":"http:\/\/folyondar.hu\/?page_id=1806"},"modified":"2018-10-15T14:41:14","modified_gmt":"2018-10-15T12:41:14","slug":"about-us","status":"publish","type":"page","link":"https:\/\/folyondar.hu\/?page_id=1806","title":{"rendered":"About Us"},"content":{"rendered":"<div class=\"ezcol ezcol-one-half\">\n<p><img loading=\"lazy\" decoding=\"async\" class=\"alignnone size-full wp-image-1808\" src=\"http:\/\/folyondar.hu\/wp-content\/uploads\/2015\/03\/log\u00f3.png\" alt=\"Folyond\u00e1r Sportk\u00f6zpont\" width=\"321\" height=\"66\" \/><\/p>\n<p style=\"text-align: justify;\">The nicely renovated and enlarged Folyond\u00e1r Sports and Dance Center is situated in one of the most beautiful parts of the district, surrounded by old trees, in the neighbourhood of Kiscelli Park. \u00a0Its location is quickly and easily accessible; away from the bustling, noisy whirl of the city.<\/p>\n<p style=\"text-align: justify;\">Being a prestigious sports center and event organizer company, we consider events differently. We live and work in the spirit of dynamism and sportiness and that\u2019s what we offer to all our guests including you and your company. Sportiness is our guarantee of quality, since we provide a selection of excellent programs with excellent instructors in a demanding and special environment. Dynamism means flexibility; fast detection of the situation with creative solutions, content, services and smooth completion. Our aim is to satisfy your needs as well as meeting your expectations. Your wellness is our focus.<\/p>\n<h4 style=\"text-align: center;\"><strong><span style=\"color: #c6006f;\">If you want something new, something different, something memorable \u2013 you have just found it!<\/span><\/strong><\/h4>\n<\/div> <div class=\"ezcol ezcol-one-half ezcol-last\"><img loading=\"lazy\" decoding=\"async\" class=\"alignnone size-full wp-image-1809\" src=\"http:\/\/folyondar.hu\/wp-content\/uploads\/2015\/03\/eloter02.jpg\" alt=\"Folyond\u00e1r R\u00f3lunk\" width=\"800\" height=\"321\" \/><img loading=\"lazy\" decoding=\"async\" class=\"alignnone size-full wp-image-1810\" src=\"http:\/\/folyondar.hu\/wp-content\/uploads\/2015\/03\/udvar_kep_.jpg\" alt=\"Folyond\u00e1r\" width=\"1504\" height=\"1000\" \/><\/div><div class=\"ezcol-divider\"><\/div><\/p>\n<h2 style=\"text-align: center;\"><span style=\"color: #c6006f;\">The Club<\/span><\/h2>\n<p style=\"text-align: center;\"><div class=\"ezcol ezcol-one-quarter\"><a title=\"Tennis\" href=\"http:\/\/folyondar.hu\/en\/tennis\/\"><img loading=\"lazy\" decoding=\"async\" class=\"alignnone  wp-image-1790\" src=\"http:\/\/folyondar.hu\/wp-content\/uploads\/2015\/03\/teniszpalya3.jpg\" alt=\"outdoor tennis courts Folyond\u00e1r\" width=\"392\" height=\"263\" \/><strong>Tennis Courts<\/strong><\/a><\/div> <div class=\"ezcol ezcol-one-quarter\"><a title=\"Fitness\" href=\"http:\/\/folyondar.hu\/en\/fitness-3\/\"><img loading=\"lazy\" decoding=\"async\" class=\"alignnone  wp-image-1813\" src=\"http:\/\/folyondar.hu\/wp-content\/uploads\/2015\/03\/fitness09-2.jpg\" alt=\"fitness Folyond\u00e1r\" width=\"451\" height=\"300\" \/><strong>Fitness<\/strong><\/a><\/div> <div class=\"ezcol ezcol-one-quarter\"><img loading=\"lazy\" decoding=\"async\" class=\"alignnone  wp-image-1815\" src=\"http:\/\/folyondar.hu\/wp-content\/uploads\/2015\/03\/aerobik-tancterem.jpg\" alt=\"folyond\u00e1r dance hall\" width=\"462\" height=\"308\" \/><span style=\"color: #c6006f;\"><strong>Dance Hall<\/strong><\/span><\/div> <div class=\"ezcol ezcol-one-quarter ezcol-last\"><img loading=\"lazy\" decoding=\"async\" class=\"alignnone  wp-image-1816\" src=\"http:\/\/folyondar.hu\/wp-content\/uploads\/2015\/03\/csarnok1_resize.jpg\" alt=\"Folyond\u00e1r sport hall\" width=\"578\" height=\"385\" \/><span style=\"color: #c6006f;\"><strong>Sports Hall<\/strong><\/span><\/div><div class=\"ezcol-divider\"><\/div><\/p>\n<hr \/>\n<p style=\"text-align: center;\"><div class=\"six column\"><\/p>\n<p style=\"text-align: center;\"><iframe loading=\"lazy\" style=\"border: 0;\" src=\"https:\/\/www.google.com\/maps\/embed?pb=!1m14!1m8!1m3!1d2693.758388683545!2d19.028247!3d47.53356669999999!3m2!1i1024!2i768!4f13.1!3m3!1m2!1s0x4741d9456098957f%3A0x6e4a68dc9efe2e81!2sFolyond%C3%A1r+u.+15%2C+Budapest%2C+1037!5e0!3m2!1sen!2shu!4v1414599181702\" width=\"100%\" height=\"225\" frameborder=\"0\"><\/iframe><\/div><div class=\"six column\"><\/p>\n<h2 style=\"text-align: left;\"><span style=\"color: #c6006f;\">Contact<\/span><\/h2>\n<p style=\"text-align: left;\">ADDRESS: 1037 Budapest, Folyond\u00e1r utca 15.<br \/>\nPHONE:\u00a0+36 1 244 8850;\u00a0+36 70 967 1678<br \/>\nEMAIL: <a href=\"mailto:info@folyondar.hu\">info@folyondar.hu<\/a><\/p>\n<p style=\"text-align: left;\"><a title=\"Folyond\u00e1r Sport Centre Direction\" href=\"https:\/\/www.google.hu\/maps\/dir\/\/Budapest,+Folyond%C3%A1r+Street+15+1035\/@47.5335667,19.028247,17z?hl=en\" target=\"_blank\">DIRECTION<\/a><\/p>\n<p style=\"text-align: left;\"><span style=\"color: #808080;\">Follow us on<\/span><span style=\"color: #333399;\">\u00a0<\/span><a style=\"color: #c6006f;\" href=\"https:\/\/www.facebook.com\/folyondar\" target=\"_blank\">Facebook<\/a><span style=\"color: #808080;\">\u00a0and<\/span><span style=\"color: #808080;\"><a title=\"Google +\" href=\"https:\/\/plus.google.com\/107499537637002933379\/about\" target=\"_blank\">\u00a0Google+<\/a>\u00a0!<\/span><\/div><span class=\"clearfix\"> <\/span><\/p>\n<h3 style=\"text-align: center;\"><span style=\"color: #c6006f;\">Staff<\/span><\/h3>\n<table style=\"height: 147px;\" width=\"1000\">\n<tbody>\n<tr>\n<td style=\"text-align: center;\"><span style=\"color: #c6006f;\"><strong>Dr. Lehoczky D\u00e1niel<\/strong><\/span><\/td>\n<td style=\"text-align: center;\"><span style=\"color: #c6006f;\"><strong>D\u00e1vid \u00c1ron<\/strong><\/span><\/td>\n<td style=\"text-align: center;\"><span style=\"color: #c6006f;\"><strong>Nagy Ir\u00e9n M\u00f3nika<\/strong><\/span><\/td>\n<\/tr>\n<tr>\n<td style=\"text-align: center;\"><strong>Executive Director<\/strong><\/td>\n<td style=\"text-align: center;\"><strong>Executive Director<\/strong><\/td>\n<td style=\"text-align: center;\"><strong>Evenet Organizer<\/strong><\/td>\n<\/tr>\n<tr>\n<td style=\"text-align: center;\"><span style=\"color: #808080;\">+36 70 938 6550<\/span><\/td>\n<td style=\"text-align: center;\"><span style=\"color: #808080;\">\u00a0+36 70 320 0597<\/span><\/td>\n<td style=\"text-align: center;\"><span style=\"color: #808080;\">+36 70 377 0955<\/span><\/td>\n<\/tr>\n<tr>\n<td style=\"text-align: center;\"><span style=\"color: #c6006f;\"><a style=\"color: #c6006f;\" href=\"mailto:d.lehoczky@folyondar.hu\">d.lehoczky@folyondar.hu<\/a><\/span><\/td>\n<td style=\"text-align: center;\"><span style=\"color: #808080;\">\u00a0<a href=\"mailto:a.david@folyondar.hu\">a.david@folyondar.hu<\/a><\/span><\/td>\n<td style=\"text-align: center;\"><span style=\"color: #808080;\">\u00a0<a href=\"mailto:m.nagy@folyondar.hu\">m.nagy@folyondar.hu<\/a><\/span><\/td>\n<\/tr>\n<\/tbody>\n<\/table>\n<h3 style=\"text-align: center;\"><span style=\"color: #c6006f;\">Our Partners<\/span><\/h3>\n<p style=\"text-align: center;\"><a href=\"https:\/\/rendezvenyhelyszinek.hu\/ct\/e6d7abb0-f8a6-11e6-aa30-bb4784f4cbcb\"><img loading=\"lazy\" decoding=\"async\" src=\"https:\/\/rendezvenyhelyszinek.hu\/pp\/e6d7abb0-f8a6-11e6-aa30-bb4784f4cbcb.png\" alt=\"rendezv\u00e9nyhelyszinek.hu\" width=\"323\" height=\"80\" \/><\/a><\/p>\n","protected":false},"excerpt":{"rendered":"<p>The Club Contact ADDRESS: 1037 Budapest, Folyond\u00e1r utca 15. PHONE:\u00a0+36 1 244 8850;\u00a0+36 70 967 1678 EMAIL: info@folyondar.hu DIRECTION Follow us on\u00a0Facebook\u00a0and\u00a0Google+\u00a0! Staff Dr. Lehoczky D\u00e1niel D\u00e1vid \u00c1ron Nagy Ir\u00e9n M\u00f3nika Executive Director Executive Director Evenet Organizer +36 70 938 6550 \u00a0+36 70 320 0597 +36 70 377 0955 d.lehoczky@folyondar.hu \u00a0a.david@folyondar.hu \u00a0m.nagy@folyondar.hu Our Partners<\/p>\n","protected":false},"author":1,"featured_media":1823,"parent":0,"menu_order":0,"comment_status":"closed","ping_status":"closed","template":"","meta":{"footnotes":""},"class_list":["post-1806","page","type-page","status-publish","has-post-thumbnail","hentry"],"_links":{"self":[{"href":"https:\/\/folyondar.hu\/index.php?rest_route=\/wp\/v2\/pages\/1806","targetHints":{"allow":["GET"]}}],"collection":[{"href":"https:\/\/folyondar.hu\/index.php?rest_route=\/wp\/v2\/pages"}],"about":[{"href":"https:\/\/folyondar.hu\/index.php?rest_route=\/wp\/v2\/types\/page"}],"author":[{"embeddable":true,"href":"https:\/\/folyondar.hu\/index.php?rest_route=\/wp\/v2\/users\/1"}],"replies":[{"embeddable":true,"href":"https:\/\/folyondar.hu\/index.php?rest_route=%2Fwp%2Fv2%2Fcomments&post=1806"}],"version-history":[{"count":0,"href":"https:\/\/folyondar.hu\/index.php?rest_route=\/wp\/v2\/pages\/1806\/revisions"}],"wp:featuredmedia":[{"embeddable":true,"href":"https:\/\/folyondar.hu\/index.php?rest_route=\/wp\/v2\/media\/1823"}],"wp:attachment":[{"href":"https:\/\/folyondar.hu\/index.php?rest_route=%2Fwp%2Fv2%2Fmedia&parent=1806"}],"curies":[{"name":"wp","href":"https:\/\/api.w.org\/{rel}","templated":true}]}}