{"id":19,"date":"2015-03-02T11:59:24","date_gmt":"2014-10-13T08:51:49","guid":{"rendered":"http:\/\/sport.folyondar.akosv.com\/?page_id=19"},"modified":"2026-04-14T11:16:07","modified_gmt":"2026-04-14T09:16:07","slug":"tenisz-2","status":"publish","type":"page","link":"https:\/\/folyondar.hu\/?page_id=19","title":{"rendered":"Teniszp\u00e1lya\/\u00e1rak"},"content":{"rendered":"<p style=\"text-align: center;\"><div class=\"six column\"><\/p>\n<h2 style=\"text-align: left;\"><span style=\"color: #c6006f;\">Teniszezzen a<\/span><span style=\"color: #c6006f;\"> Foly<\/span><span style=\"color: #c6006f;\">ond\u00e1rban!<\/span><\/h2>\n<p style=\"text-align: left;\">T\u00e9len 7 db, ny\u00e1ron 8 db kiv\u00e1l\u00f3 min\u0151s\u00e9g\u0171, salakos p\u00e1lya v\u00e1rja \u00d6nt teljes nyitvatart\u00e1si id\u0151ben! Nyaranta az \u00faj csarnokunk tetej\u00e9n fest\u0151i k\u00f6rnyezetben 2 db <a href=\"http:\/\/folyondar.hu\/wp-content\/uploads\/2020\/06\/Tet\u0151-teniszp\u00e1lya2.jpg\">rekort\u00e1n p\u00e1lya<\/a> is a rendelkez\u00e9s\u00fckre \u00e1ll! J\u00f6jj\u00f6n partnerrel \u00e9s \u00e9lvezz\u00e9k a j\u00e1t\u00e9kot, vagy k\u00e9rje edz\u0151 seg\u00edts\u00e9g\u00e9t az alapokt\u00f3l a halad\u00f3 szintig. Ig\u00e9ny eset\u00e9n felszerel\u00e9st is tudunk biztos\u00edtani.<\/p>\n<h5 style=\"text-align: left;\"><a title=\"Teniszoktat\u00e1s\" href=\"http:\/\/folyondar.hu\/hu\/tenisz-2\/teniszoktatas\/\">Ide kattintva megismerheti oktat\u00f3inkat<span style=\"color: #c6006f;\">!<\/span><\/a><\/h5>\n<p style=\"text-align: left;\">Sz\u00edvesen hozn\u00e1 teniszezni gyermek\u00e9t? Az oktat\u00e1ssal kapcsolatban keresse fel a Vasas tenisz<a href=\"https:\/\/www.facebook.com\/profile.php?id=61564130879416&amp;locale=hu_HU\"> facebook<\/a> oldal\u00e1t!<\/p>\n<p style=\"text-align: left;\">Gyermek t\u00e1borainkat a <a href=\"http:\/\/folyondar.hu\/hu\/taborok\/\">t\u00e1borok<\/a>\u00a0men\u00fcben tal\u00e1lja.<\/p>\n<p style=\"text-align: left;\">Inform\u00e1ci\u00f3 \u00e9s p\u00e1lyafoglal\u00e1s a recepci\u00f3n:<\/p>\n<p style=\"text-align: left;\">\u00a0+36 70 967 1678 vagy a +36 1 244 8850-es telefonsz\u00e1mon<\/p>\n<p>\u00a0<\/p>\n<h2><strong><span style=\"color: #c6006f;\">Salakos p\u00e1ly\u00e1inkra \u00e9rtend\u0151 \u00e1rlista<\/span><\/strong><\/h2>\n<table class=\" aligncenter\" style=\"height: 533px;\" width=\"715\">\n<tbody>\n<tr>\n<td style=\"height: 90px; text-align: center;\" colspan=\"5\">\n<p style=\"text-align: left;\"><span style=\"color: #808080;\"><strong>Ny\u00e1ri ALKALMI\/SZEZON \u00c1RAINK<\/strong><\/span><\/p>\n<p style=\"text-align: left;\"><strong><span style=\"color: #808080;\">8 salakos \u00e9s 2 rekort\u00e1n p\u00e1ly\u00e1val v\u00e1rjuk \u00d6n\u00f6ket!<\/span><\/strong><\/p>\n<p style=\"text-align: left;\"><strong>2026. \u00c1prilis 13 &#8211; 2026. Szeptember 25.<\/strong><\/p>\n<p style=\"text-align: left;\">(Az id\u0151pontok az id\u0151j\u00e1r\u00e1s f\u00fcggv\u00e9ny\u00e9ben v\u00e1ltozhatnak.)<\/p>\n<\/td>\n<\/tr>\n<tr>\n<td style=\"text-align: left;\" colspan=\"5\"><span style=\"color: #c6006f;\">H\u00c9TK\u00d6ZNAP<\/span><\/td>\n<\/tr>\n<tr>\n<td style=\"padding-left: 200px;\"><span style=\"color: #808080;\">\u00a0 \u00a0 \u00a0 \u00a0<strong><span style=\"color: #000000;\">Id\u0151pont\u00a0<\/span> <\/strong>\u00a0 \u00a0 \u00a0 \u00a0 \u00a0 \u00a0\u00a0<\/span><\/td>\n<td><strong>\u00a0SZEZON\u00c1R\u00a0<\/strong><\/td>\n<td>\n<p><strong><span style=\"color: #808080;\"><span style=\"color: #000000;\">10 ALKALMAS <\/span><\/span><\/strong><strong><span style=\"color: #808080;\"><span style=\"color: #000000;\">\u00c1R<\/span><\/span><\/strong><\/p>\n<\/td>\n<td>\n<p><span style=\"color: #808080;\"><span style=\"color: #000000;\"><strong>ALKALMI <\/strong><\/span><\/span><span style=\"color: #808080;\"><span style=\"color: #000000;\"><strong>\u00c1R<\/strong><\/span><\/span><\/p>\n<\/td>\n<td style=\"text-align: center;\">\u00a0<\/td>\n<\/tr>\n<tr>\n<td style=\"text-align: center; padding-left: 160px;\"><span style=\"color: #000000;\">07.00 &#8211; 11.00<\/span><\/td>\n<td style=\"text-align: center;\">5 190 Ft\/\u00f3ra<\/td>\n<td style=\"text-align: center;\">53 990 Ft<\/td>\n<td style=\"text-align: center;\">5 490 Ft\/\u00f3ra<\/td>\n<td style=\"text-align: center;\">\u00a0<\/td>\n<\/tr>\n<tr>\n<td style=\"text-align: center; padding-left: 160px;\"><span style=\"color: #000000;\">11.00 &#8211; 15.00<\/span><\/td>\n<td style=\"text-align: center;\">4 490 Ft\/\u00f3ra<\/td>\n<td style=\"text-align: center;\">46 990 Ft<\/td>\n<td style=\"text-align: center;\">4 790 Ft\/\u00f3ra<\/td>\n<td style=\"text-align: center;\">\u00a0<\/td>\n<\/tr>\n<tr>\n<td style=\"text-align: center; padding-left: 160px;\"><span style=\"color: #000000;\">15.00 &#8211; 20.00<\/span><\/td>\n<td style=\"text-align: center;\">6 490 Ft\/\u00f3ra<\/td>\n<td style=\"text-align: center;\">67 990 Ft<\/td>\n<td style=\"text-align: center;\">6 990 Ft\/\u00f3ra<\/td>\n<td style=\"text-align: center;\">\u00a0<\/td>\n<\/tr>\n<tr>\n<td style=\"text-align: center; padding-left: 160px;\"><span style=\"color: #000000;\">20.00 &#8211; 22.00<\/span><\/td>\n<td style=\"text-align: center;\"><span style=\"color: #000000;\">4 590 Ft\/\u00f3ra<\/span><\/td>\n<td style=\"text-align: center;\">47 990 Ft<\/td>\n<td style=\"text-align: center;\">4 990 Ft\/\u00f3ra<\/td>\n<td style=\"text-align: center;\">\u00a0<\/td>\n<\/tr>\n<tr>\n<td style=\"text-align: center;\">\u00a0<\/td>\n<td style=\"text-align: center;\">\u00a0<\/td>\n<td style=\"text-align: center;\">\u00a0<\/td>\n<td style=\"text-align: center;\">\u00a0<\/td>\n<td style=\"text-align: center;\">\u00a0<\/td>\n<\/tr>\n<tr>\n<td style=\"text-align: center;\">\u00a0<\/td>\n<td style=\"text-align: center;\">\u00a0<\/td>\n<td style=\"text-align: center;\">\u00a0<\/td>\n<td style=\"text-align: center;\">\u00a0<\/td>\n<td style=\"text-align: center;\">\u00a0<\/td>\n<\/tr>\n<tr>\n<td style=\"text-align: left;\" colspan=\"5\"><span style=\"color: #c6006f;\">H\u00c9TV\u00c9G\u00c9N<\/span><\/td>\n<\/tr>\n<tr>\n<td style=\"text-align: center; padding-left: 160px;\">8.00 &#8211; 20.00<\/td>\n<td style=\"text-align: center;\">3 990 Ft\/\u00f3ra<\/td>\n<td style=\"text-align: center;\">41 990 Ft<\/td>\n<td style=\"text-align: center;\">4 290 Ft\/\u00f3ra<\/td>\n<td style=\"text-align: center;\">\u00a0<\/td>\n<\/tr>\n<tr>\n<td style=\"text-align: center;\">\u00a0<\/td>\n<td style=\"text-align: center;\">\u00a0<\/td>\n<td style=\"text-align: center;\">\u00a0<\/td>\n<td style=\"text-align: center;\">\u00a0<\/td>\n<td style=\"text-align: center;\">\u00a0<\/td>\n<\/tr>\n<tr>\n<td style=\"text-align: center; padding-left: 280px;\" colspan=\"5\"><span style=\"color: #000000;\">Az \u00e1rak forintban \u00e9rtend\u0151ek \u00e9s tartalmazz\u00e1k az \u00c1F\u00c1-t.<\/span><\/td>\n<\/tr>\n<\/tbody>\n<\/table>\n<p style=\"text-align: center;\">\u00a0<\/p>\n<h2>\u00a0<\/h2>\n<h2><strong><span style=\"color: #c6006f;\">Rekort\u00e1n p\u00e1ly\u00e1inkra \u00e9rtend\u0151 \u00e1rlista<\/span><\/strong><\/h2>\n<table style=\"height: 245px;\" width=\"715\">\n<tbody>\n<tr>\n<td><span style=\"color: #c6006f;\">H\u00c9TK\u00d6ZNAP<\/span><\/td>\n<td>\u00a0<\/td>\n<td>\u00a0<\/td>\n<\/tr>\n<tr>\n<td style=\"text-align: center;\"><strong>ID\u0150PONT<\/strong><\/td>\n<td style=\"text-align: center;\"><strong>SZEZON\u00c1R<\/strong><\/td>\n<td style=\"text-align: center;\"><strong>ALKALMI \u00c1R<\/strong><\/td>\n<\/tr>\n<tr>\n<td style=\"text-align: center;\">6.00 &#8211; 8.00<\/td>\n<td style=\"text-align: center;\">3 590 Ft\/\u00f3ra<\/td>\n<td style=\"text-align: center;\">3 990 Ft\/\u00f3ra<\/td>\n<\/tr>\n<tr>\n<td style=\"text-align: center;\">8.00 &#8211; 11.00<\/td>\n<td style=\"text-align: center;\">3 990 Ft\/\u00f3ra<\/td>\n<td style=\"text-align: center;\">4 390 Ft\/\u00f3ra<\/td>\n<\/tr>\n<tr>\n<td style=\"text-align: center;\">11.00 &#8211; 15.00<\/td>\n<td style=\"text-align: center;\">3 290 Ft\/\u00f3ra<\/td>\n<td style=\"text-align: center;\">3 590 Ft\/\u00f3ra<\/td>\n<\/tr>\n<tr>\n<td style=\"text-align: center;\">15.00 &#8211; 20.00<\/td>\n<td style=\"text-align: center;\">5 290 Ft\/\u00f3ra<\/td>\n<td style=\"text-align: center;\">5 790 Ft\/\u00f3ra<\/td>\n<\/tr>\n<tr>\n<td><span style=\"color: #c6006f;\">H\u00c9TV\u00c9G\u00c9N<\/span><\/td>\n<td>\u00a0<\/td>\n<td>\u00a0<\/td>\n<\/tr>\n<tr>\n<td style=\"text-align: center;\">8.00 &#8211; 20.00<\/td>\n<td style=\"text-align: center;\">2 590 Ft\/\u00f3ra<\/td>\n<td style=\"text-align: center;\">2 990 Ft\/\u00f3ra<\/td>\n<\/tr>\n<\/tbody>\n<\/table>\n<table style=\"height: 19px;\" width=\"713\">\n<tbody>\n<tr>\n<td style=\"text-align: right;\"><span style=\"color: #000000;\">Az \u00e1rak forintban \u00e9rtend\u0151ek \u00e9s tartalmazz\u00e1k az \u00c1F\u00c1-t.<\/span><\/td>\n<\/tr>\n<\/tbody>\n<\/table>\n<h2 style=\"text-align: center;\"><span style=\"color: #c6006f;\">Tenisz\u00fct\u0151 b\u00e9rl\u00e9s\/teniszlabda v\u00e1s\u00e1rl\u00e1s<\/span><\/h2>\n<p>Ha elfelejtett tenisz\u00fct\u0151t hozni vagy nincs saj\u00e1tja, azt is megoldjuk! Recepci\u00f3nkn\u00e1l \u00f3r\u00e1nk\u00e9nt 500 Ft-\u00e9rt m\u00e1r b\u00e9relhet tenisz\u00fct\u0151ket. Teniszlabda v\u00e1s\u00e1rl\u00e1s\u00e1ra is van lehet\u0151s\u00e9g.<\/p>\n<p>\u00a0<\/p>\n<h2 style=\"text-align: center;\"><span style=\"color: #c6006f;\">Ingyenes \u00f6lt\u00f6z\u0151 \u00e9s szauna<\/span><\/h2>\n<p>Az ig\u00e9nyes \u00f6lt\u00f6z\u0151kb\u0151l k\u00f6zvetlen\u00fcl el\u00e9rhet\u0151 szauna haszn\u00e1lata is biztos\u00edtott minden kedves vend\u00e9g\u00fcnk sz\u00e1m\u00e1ra. A szaun\u00e1t ig\u00e9ny eset\u00e9n kapcsoljuk csak be.\u00a0<\/p>\n<p>\u00a0<\/p>\n<h2 style=\"text-align: center;\"><span style=\"color: #c6006f;\">Teniszp\u00e1ly\u00e1k<\/span><\/h2>\n<p style=\"text-align: center;\">A Folyond\u00e1r Sportk\u00f6zpontba ell\u00e1togat\u00f3 vend\u00e9geink kit\u0171n\u0151 min\u0151s\u00e9g\u0171 teniszp\u00e1ly\u00e1kat vehetnek b\u00e9rbe alkalmi \u00f3r\u00e1kra, t\u00e9li \u00e9s ny\u00e1ri szezonra egyar\u00e1nt.<br \/>P\u00c1LYAFOGLAL\u00c1S: +36 1 244 8850; +36 70 967 1678<\/p>\n<p style=\"text-align: center;\"><div class=\"ezcol ezcol-one-half\"><\/div><\/p>\n<table style=\"height: 134px; width: 423px;\">\n<tbody>\n<tr>\n<td><span style=\"color: #808080;\">\u00a0<\/span><\/td>\n<td style=\"text-align: center;\"><span style=\"color: #808080;\">2026 ny\u00e1ri szezon<\/span><\/td>\n<\/tr>\n<tr>\n<td><span style=\"color: #808080;\">ID\u0150SZAK<\/span><\/td>\n<td style=\"text-align: center;\"><span style=\"color: #808080;\">2026.04.13. &#8211; 2026.09.25.<\/span><\/td>\n<\/tr>\n<tr>\n<td>\u00a0<\/td>\n<td style=\"text-align: center;\">\u00a0<\/td>\n<\/tr>\n<tr>\n<td><span style=\"color: #808080;\">SALAKOS P\u00c1LY\u00c1K SZ\u00c1MA<\/span><\/td>\n<td style=\"text-align: center;\"><span style=\"color: #808080;\">8 darab<\/span><\/td>\n<\/tr>\n<tr>\n<td><span style=\"color: #808080;\">REKORT\u00c1N P\u00c1LY\u00c1K SZ\u00c1MA<\/span><\/td>\n<td style=\"text-align: center;\"><span style=\"color: #808080;\">2 darab<\/span><\/td>\n<\/tr>\n<\/tbody>\n<\/table>\n<p><a href=\"http:\/\/folyondar.hu\/wp-content\/uploads\/2015\/03\/IMG_7964.jpg\"><img loading=\"lazy\" decoding=\"async\" class=\"alignnone  wp-image-3406\" src=\"http:\/\/folyondar.hu\/wp-content\/uploads\/2015\/03\/IMG_7964.jpg\" alt=\"IMG_7964\" width=\"649\" height=\"433\" \/><\/a><\/p>\n\n\n<figure class=\"wp-block-image size-large\"><a href=\"http:\/\/folyondar.hu\/wp-content\/uploads\/2023\/03\/Teto-teniszpalya4.jpg\"><img loading=\"lazy\" decoding=\"async\" width=\"960\" height=\"720\" src=\"http:\/\/folyondar.hu\/wp-content\/uploads\/2023\/03\/Teto-teniszpalya4.jpg\" alt=\"\" class=\"wp-image-5221\" srcset=\"https:\/\/folyondar.hu\/wp-content\/uploads\/2023\/03\/Teto-teniszpalya4.jpg 960w, https:\/\/folyondar.hu\/wp-content\/uploads\/2023\/03\/Teto-teniszpalya4-300x225.jpg 300w, https:\/\/folyondar.hu\/wp-content\/uploads\/2023\/03\/Teto-teniszpalya4-768x576.jpg 768w, https:\/\/folyondar.hu\/wp-content\/uploads\/2023\/03\/Teto-teniszpalya4-400x300.jpg 400w\" sizes=\"auto, (max-width: 960px) 100vw, 960px\" \/><\/a><figcaption>*Rekort\u00e1n p\u00e1ly\u00e1ink a tet\u0151n, gy\u00f6ny\u00f6r\u0171 kil\u00e1t\u00e1ssal<\/figcaption><\/figure>\n","protected":false},"excerpt":{"rendered":"<p>Teniszezzen a Folyond\u00e1rban! T\u00e9len 7 db, ny\u00e1ron 8 db kiv\u00e1l\u00f3 min\u0151s\u00e9g\u0171, salakos p\u00e1lya v\u00e1rja \u00d6nt teljes nyitvatart\u00e1si id\u0151ben! Nyaranta az \u00faj csarnokunk tetej\u00e9n fest\u0151i k\u00f6rnyezetben 2 db rekort\u00e1n p\u00e1lya is a rendelkez\u00e9s\u00fckre \u00e1ll! J\u00f6jj\u00f6n partnerrel \u00e9s \u00e9lvezz\u00e9k a j\u00e1t\u00e9kot, vagy k\u00e9rje edz\u0151 seg\u00edts\u00e9g\u00e9t az alapokt\u00f3l a halad\u00f3 szintig. Ig\u00e9ny eset\u00e9n felszerel\u00e9st is tudunk biztos\u00edtani. Ide&hellip;<\/p>\n","protected":false},"author":1,"featured_media":1772,"parent":0,"menu_order":0,"comment_status":"closed","ping_status":"closed","template":"","meta":{"footnotes":""},"class_list":["post-19","page","type-page","status-publish","has-post-thumbnail","hentry"],"_links":{"self":[{"href":"https:\/\/folyondar.hu\/index.php?rest_route=\/wp\/v2\/pages\/19","targetHints":{"allow":["GET"]}}],"collection":[{"href":"https:\/\/folyondar.hu\/index.php?rest_route=\/wp\/v2\/pages"}],"about":[{"href":"https:\/\/folyondar.hu\/index.php?rest_route=\/wp\/v2\/types\/page"}],"author":[{"embeddable":true,"href":"https:\/\/folyondar.hu\/index.php?rest_route=\/wp\/v2\/users\/1"}],"replies":[{"embeddable":true,"href":"https:\/\/folyondar.hu\/index.php?rest_route=%2Fwp%2Fv2%2Fcomments&post=19"}],"version-history":[{"count":137,"href":"https:\/\/folyondar.hu\/index.php?rest_route=\/wp\/v2\/pages\/19\/revisions"}],"predecessor-version":[{"id":5683,"href":"https:\/\/folyondar.hu\/index.php?rest_route=\/wp\/v2\/pages\/19\/revisions\/5683"}],"wp:featuredmedia":[{"embeddable":true,"href":"https:\/\/folyondar.hu\/index.php?rest_route=\/wp\/v2\/media\/1772"}],"wp:attachment":[{"href":"https:\/\/folyondar.hu\/index.php?rest_route=%2Fwp%2Fv2%2Fmedia&parent=19"}],"curies":[{"name":"wp","href":"https:\/\/api.w.org\/{rel}","templated":true}]}}