{"id":211,"date":"2015-06-02T11:24:12","date_gmt":"2014-10-17T09:33:00","guid":{"rendered":"http:\/\/sport.folyondar.akosv.com\/?page_id=211"},"modified":"2025-04-22T12:24:35","modified_gmt":"2025-04-22T10:24:35","slug":"szepulj","status":"publish","type":"page","link":"https:\/\/folyondar.hu\/?page_id=211","title":{"rendered":"Sz\u00e9p\u00fclj"},"content":{"rendered":"<h3 style=\"text-align: center;\"><span style=\"color: #c6006f;\">Sz\u00e9p\u00fclj a Folyond\u00e1rban!<\/span><\/h3>\n<h4><div class=\"three column\"><a title=\"Fodr\u00e1szat\" href=\"http:\/\/folyondar.hu\/hu\/sample-page\/szepulj\/fodraszat\/\" target=\"_blank\" rel=\"noopener\">\u00a0<\/a><\/div><div class=\"three column\"><img loading=\"lazy\" decoding=\"async\" class=\"alignnone  wp-image-788\" src=\"http:\/\/folyondar.hu\/wp-content\/uploads\/2014\/10\/massz\u00e1zs.png\" alt=\"massz\u00e1zs\" width=\"300\" height=\"397\" \/><span style=\"color: #c6006f;\"><strong>Massz\u00e1zs (jelenleg nem el\u00e9rhet\u0151)<\/strong><\/span><\/div><div class=\"three column\"><img loading=\"lazy\" decoding=\"async\" class=\"alignnone  wp-image-785\" src=\"http:\/\/folyondar.hu\/wp-content\/uploads\/2014\/10\/szauna.png\" alt=\"szauna\" width=\"300\" height=\"398\" \/><strong><span style=\"color: #c6006f;\">Szauna<\/span><\/strong> <\/div><div class=\"three column\"><\/div><span class=\"clearfix\"> <\/span><\/h4>\n","protected":false},"excerpt":{"rendered":"<p>Sz\u00e9p\u00fclj a Folyond\u00e1rban! \u00a0Massz\u00e1zs (jelenleg nem el\u00e9rhet\u0151)Szauna<\/p>\n","protected":false},"author":1,"featured_media":2297,"parent":2,"menu_order":0,"comment_status":"open","ping_status":"open","template":"","meta":{"footnotes":""},"class_list":["post-211","page","type-page","status-publish","has-post-thumbnail","hentry"],"_links":{"self":[{"href":"https:\/\/folyondar.hu\/index.php?rest_route=\/wp\/v2\/pages\/211","targetHints":{"allow":["GET"]}}],"collection":[{"href":"https:\/\/folyondar.hu\/index.php?rest_route=\/wp\/v2\/pages"}],"about":[{"href":"https:\/\/folyondar.hu\/index.php?rest_route=\/wp\/v2\/types\/page"}],"author":[{"embeddable":true,"href":"https:\/\/folyondar.hu\/index.php?rest_route=\/wp\/v2\/users\/1"}],"replies":[{"embeddable":true,"href":"https:\/\/folyondar.hu\/index.php?rest_route=%2Fwp%2Fv2%2Fcomments&post=211"}],"version-history":[{"count":2,"href":"https:\/\/folyondar.hu\/index.php?rest_route=\/wp\/v2\/pages\/211\/revisions"}],"predecessor-version":[{"id":5515,"href":"https:\/\/folyondar.hu\/index.php?rest_route=\/wp\/v2\/pages\/211\/revisions\/5515"}],"up":[{"embeddable":true,"href":"https:\/\/folyondar.hu\/index.php?rest_route=\/wp\/v2\/pages\/2"}],"wp:featuredmedia":[{"embeddable":true,"href":"https:\/\/folyondar.hu\/index.php?rest_route=\/wp\/v2\/media\/2297"}],"wp:attachment":[{"href":"https:\/\/folyondar.hu\/index.php?rest_route=%2Fwp%2Fv2%2Fmedia&parent=211"}],"curies":[{"name":"wp","href":"https:\/\/api.w.org\/{rel}","templated":true}]}}