{"id":213,"date":"2015-06-02T11:29:30","date_gmt":"2014-10-17T09:31:02","guid":{"rendered":"http:\/\/sport.folyondar.akosv.com\/?page_id=213"},"modified":"2022-01-26T11:23:07","modified_gmt":"2022-01-26T09:23:07","slug":"szorakozz","status":"publish","type":"page","link":"https:\/\/folyondar.hu\/?page_id=213","title":{"rendered":"Sz\u00f3rakozz"},"content":{"rendered":"<h2 style=\"text-align: center;\"><span style=\"color: #c6006f;\">Folyond\u00e1r\u00a0K\u00e1v\u00e9z\u00f3<\/span><\/h2>\n<p style=\"text-align: justify;\"><div class=\"ezcol ezcol-one-half\">\n<p style=\"text-align: justify;\">Az el\u0151csarnokban tal\u00e1lhat\u00f3 Folyond\u00e1r Caf\u00e9 hideg \u00e9s meleg \u00e9teleket \u00e9s italokat, helyben k\u00e9sz\u00edtett szendvicseket, valamint v\u00e1ltozatos eb\u00e9dmen\u00fc is kaphat\u00f3. A klasszikus k\u00e1v\u00e9z\u00f3i k\u00edn\u00e1lat mellett feh\u00e9rjeturmixok, energiaszeletek \u00e9s sportitalok is fogyaszthat\u00f3ak. A K\u00e1v\u00e9z\u00f3 a vend\u00e9gek \u00e9szrev\u00e9teleit figyelembe v\u00e9ve folyamatosan alkalmazkodik az ig\u00e9ny\u00e9khez.<\/p>\n<p style=\"text-align: justify;\">Az el\u0151csarnokban ingyen wifi \u00e9s t\u00e9v\u00e9 szolg\u00e1lja a kikapcsol\u00f3d\u00e1st. Tavaszt\u00f3l \u0151szig a terasz \u00e9s a teniszp\u00e1ly\u00e1kra r\u00e1l\u00e1t\u00e1st biztos\u00edt\u00f3 lounge terasz v\u00e1rja a vend\u00e9geket!<\/p>\n<p style=\"text-align: justify;\"><\/div> <div class=\"ezcol ezcol-one-half ezcol-last\"><a href=\"http:\/\/folyondar.hu\/wp-content\/uploads\/2015\/06\/SZG_6036.jpg\"><img loading=\"lazy\" decoding=\"async\" class=\"alignnone size-full wp-image-3154\" src=\"http:\/\/folyondar.hu\/wp-content\/uploads\/2015\/06\/SZG_6036.jpg\" alt=\"SZG_6036\" width=\"2048\" height=\"1365\" \/><\/a><\/div><div class=\"ezcol-divider\"><\/div><\/p>\n<h2 style=\"text-align: center;\"><span style=\"color: #c6006f;\">Folyond\u00e1r Rendezv\u00e9ny<\/span><\/h2>\n<p><div class=\"ezcol ezcol-one-half\"><img loading=\"lazy\" decoding=\"async\" class=\"alignnone size-full wp-image-1089\" src=\"http:\/\/folyondar.hu\/wp-content\/uploads\/2014\/11\/Vasas-Centen\u00e1riumi-G\u00e1la_fotoszokolay_5286.jpg\" alt=\"Vasas Centen\u00e1riumi G\u00e1la_fotoszokolay_5286\" width=\"2000\" height=\"1333\" \/><\/div> <div class=\"ezcol ezcol-one-half ezcol-last\">\n<p style=\"text-align: justify;\">Rendezv\u00e9nyek, koncertek, versenyek, kisp\u00e1ly\u00e1s focitorn\u00e1k, c\u00e9ges esem\u00e9nyek, tov\u00e1bbk\u00e9pz\u00e9sek, sajt\u00f3t\u00e1j\u00e9koztat\u00f3k rendez\u00e9s\u00e9re kiv\u00e1l\u00f3ak a l\u00e9tes\u00edtm\u00e9ny adotts\u00e1gai, amelyeket az egyed\u00fcl\u00e1ll\u00f3 term\u00e9szeti k\u00f6rnyezet tavasszal \u00e9s ny\u00e1ron m\u00e9g hangulatosabb\u00e1 tesz. A sportk\u00f6zpont ter\u00fclet\u00e9n vannak, olyan szabadon haszn\u00e1lhat\u00f3 helysz\u00ednek, ahol egyedi programokat is lehet szervezni. N\u00e1lunk a rendezv\u00e9ny sikere nem az id\u0151j\u00e1r\u00e1st\u00f3l f\u00fcgg, mert egyar\u00e1nt vannak k\u00fcl- \u00e9s belt\u00e9ri helysz\u00edneink. B\u00e1rmely esem\u00e9ny lebonyol\u00edt\u00e1s\u00e1hoz f\u00e9ny- \u00e9s hangtechnik\u00e1t tudunk biztos\u00edtani.<\/p>\n<p style=\"text-align: justify;\">B\u0151vebb inform\u00e1ci\u00f3\u00e9rt keresse fel <a title=\"folyond\u00e1r rendezv\u00e9ny\" href=\"http:\/\/rendezveny.folyondar.hu\/\" target=\"_blank\" rel=\"noopener\">rendezv\u00e9ny oldalunkat<\/a>!<\/p>\n<p style=\"text-align: justify;\"><span style=\"color: #c6006f;\"> NAGY IR\u00c9N M\u00d3NIKA<\/span><br \/>\nMarketing \u00e9s \u00e9rt\u00e9kes\u00edt\u00e9s, rendezv\u00e9nyszervez\u0151<br \/>\n+36 70 377 09 55<br \/>\nm.nagy@folyondar.hu<\/div><div class=\"ezcol-divider\"><\/div><\/p>\n","protected":false},"excerpt":{"rendered":"<p>Folyond\u00e1r\u00a0K\u00e1v\u00e9z\u00f3 Folyond\u00e1r Rendezv\u00e9ny<\/p>\n","protected":false},"author":1,"featured_media":2303,"parent":2,"menu_order":0,"comment_status":"open","ping_status":"open","template":"","meta":{"footnotes":""},"class_list":["post-213","page","type-page","status-publish","has-post-thumbnail","hentry"],"_links":{"self":[{"href":"https:\/\/folyondar.hu\/index.php?rest_route=\/wp\/v2\/pages\/213","targetHints":{"allow":["GET"]}}],"collection":[{"href":"https:\/\/folyondar.hu\/index.php?rest_route=\/wp\/v2\/pages"}],"about":[{"href":"https:\/\/folyondar.hu\/index.php?rest_route=\/wp\/v2\/types\/page"}],"author":[{"embeddable":true,"href":"https:\/\/folyondar.hu\/index.php?rest_route=\/wp\/v2\/users\/1"}],"replies":[{"embeddable":true,"href":"https:\/\/folyondar.hu\/index.php?rest_route=%2Fwp%2Fv2%2Fcomments&post=213"}],"version-history":[{"count":2,"href":"https:\/\/folyondar.hu\/index.php?rest_route=\/wp\/v2\/pages\/213\/revisions"}],"predecessor-version":[{"id":4782,"href":"https:\/\/folyondar.hu\/index.php?rest_route=\/wp\/v2\/pages\/213\/revisions\/4782"}],"up":[{"embeddable":true,"href":"https:\/\/folyondar.hu\/index.php?rest_route=\/wp\/v2\/pages\/2"}],"wp:featuredmedia":[{"embeddable":true,"href":"https:\/\/folyondar.hu\/index.php?rest_route=\/wp\/v2\/media\/2303"}],"wp:attachment":[{"href":"https:\/\/folyondar.hu\/index.php?rest_route=%2Fwp%2Fv2%2Fmedia&parent=213"}],"curies":[{"name":"wp","href":"https:\/\/api.w.org\/{rel}","templated":true}]}}