{"id":22,"date":"2015-03-02T13:11:30","date_gmt":"2014-10-13T08:52:03","guid":{"rendered":"http:\/\/sport.folyondar.akosv.com\/?page_id=22"},"modified":"2025-08-13T10:26:22","modified_gmt":"2025-08-13T08:26:22","slug":"fitness-terem-iii-kerulet","status":"publish","type":"page","link":"https:\/\/folyondar.hu\/?page_id=22","title":{"rendered":"Edz\u0151terem\/\u00e1rlista"},"content":{"rendered":"\n<figure class=\"wp-block-image size-large is-style-default\"><a href=\"http:\/\/folyondar.hu\/wp-content\/uploads\/2025\/04\/Arlista_uj-1.png\"><img loading=\"lazy\" decoding=\"async\" width=\"724\" height=\"1024\" src=\"http:\/\/folyondar.hu\/wp-content\/uploads\/2025\/04\/Arlista_uj-1-724x1024.png\" alt=\"\" class=\"wp-image-5517\" srcset=\"https:\/\/folyondar.hu\/wp-content\/uploads\/2025\/04\/Arlista_uj-1-724x1024.png 724w, https:\/\/folyondar.hu\/wp-content\/uploads\/2025\/04\/Arlista_uj-1-212x300.png 212w, https:\/\/folyondar.hu\/wp-content\/uploads\/2025\/04\/Arlista_uj-1-768x1086.png 768w, https:\/\/folyondar.hu\/wp-content\/uploads\/2025\/04\/Arlista_uj-1-1086x1536.png 1086w, https:\/\/folyondar.hu\/wp-content\/uploads\/2025\/04\/Arlista_uj-1.png 1414w\" sizes=\"auto, (max-width: 724px) 100vw, 724px\" \/><\/a><\/figure>\n\n\n<p style=\"text-align: left;\"><div class=\"ezcol ezcol-one-half\"><\/div><\/p>\n<h2 style=\"text-align: left;\"><span style=\"color: #c6006f;\">Eddz a Folyond\u00e1rban!<\/span><\/h2>\n<p style=\"text-align: justify;\">Fitneszterm\u00fcnkben a legkorszer\u0171bb Life Fitness g\u00e9pcsal\u00e1d \u00e9s Cybex Trainer v\u00e1r, ahol falra szerelt LCD telev\u00edzi\u00f3inknak k\u00f6sz\u00f6nhet\u0151en, m\u00e9g a g\u00e9peken t\u00f6lt\u00f6tt id\u0151 sem v\u00e1lhat unalmass\u00e1. Magasan kvalifik\u00e1lt szem\u00e9lyi edz\u0151ink els\u0151sorban funkcion\u00e1lis eszk\u00f6z\u00f6kkel \u00e9s gyakorlatokkal hoznak form\u00e1ba, j\u00f3 id\u0151 eset\u00e9n a\u00a0friss leveg\u0151j\u0171, \u00e1polt parkunkban tartanak szabadt\u00e9ri edz\u00e9seket.<\/p>\n<p>Gyere \u00e9s pr\u00f3b\u00e1ld ki <strong><span style=\"color: #c6006f;\">els\u0151 alkalommal ingyenesen<\/span><\/strong> fitneszterm\u00fcnket!<\/p>\n<p style=\"text-align: justify;\">\u00a0 <a href=\"http:\/\/folyondar.hu\/wp-content\/uploads\/2025\/08\/kondi-belso.jpg\" target=\"_blank\" rel=\"noopener noreferrer\"><img loading=\"lazy\" decoding=\"async\" class=\"alignnone wp-image-5600 \" src=\"http:\/\/folyondar.hu\/wp-content\/uploads\/2025\/08\/kondi-belso-300x226.jpg\" alt=\"\" width=\"588\" height=\"443\" srcset=\"https:\/\/folyondar.hu\/wp-content\/uploads\/2025\/08\/kondi-belso-300x226.jpg 300w, https:\/\/folyondar.hu\/wp-content\/uploads\/2025\/08\/kondi-belso-1024x770.jpg 1024w, https:\/\/folyondar.hu\/wp-content\/uploads\/2025\/08\/kondi-belso-768x577.jpg 768w, https:\/\/folyondar.hu\/wp-content\/uploads\/2025\/08\/kondi-belso-1536x1155.jpg 1536w, https:\/\/folyondar.hu\/wp-content\/uploads\/2025\/08\/kondi-belso-399x300.jpg 399w, https:\/\/folyondar.hu\/wp-content\/uploads\/2025\/08\/kondi-belso.jpg 1600w\" sizes=\"auto, (max-width: 588px) 100vw, 588px\" \/><\/a><\/p>\n<p style=\"text-align: justify;\">\u00a0<\/p>\n<h5 style=\"text-align: left;\"><span style=\"color: #c6006f;\">Ingyenes \u00f6lt\u00f6z\u0151 \u00e9s szauna<\/span><\/h5>\n<p style=\"text-align: justify;\">Az \u00f6lt\u00f6z\u0151kb\u0151l k\u00f6zvetlen\u00fcl el\u00e9rhet\u0151 szauna haszn\u00e1lata is biztos\u00edtott minden kedves vend\u00e9g\u00fcnk sz\u00e1m\u00e1ra.<\/p>\n<p>\u00a0<\/p>\n<h5 style=\"text-align: left;\"><span style=\"color: #c6006f;\">Di\u00e1kkedvezm\u00e9ny<\/span><\/h5>\n<p style=\"text-align: justify;\">\u00c9rv\u00e9nyes di\u00e1kigazolv\u00e1nnyal rendelkez\u0151 vend\u00e9geinknek kedvezm\u00e9nyt biztos\u00edtunk a napi fitnesz jegy, az alkalomra sz\u00f3l\u00f3 b\u00e9rletek \u00e9s a havi fitnesz b\u00e9rlet \u00e1r\u00e1b\u00f3l.<\/p>\n<p style=\"text-align: justify;\">\u00a0<\/p>\n\n\n<h2 class=\"wp-block-heading\"><strong>Ismerd meg szem\u00e9lyi edz\u0151inket<\/strong><\/h2>\n\n\n\n<h2 class=\"wp-block-heading\"><\/h2>\n\n\n\n<h1 class=\"wp-block-heading\" style=\"font-size:32px\">Kiss D\u00e1niel<\/h1>\n\n\n\n<p>Eur\u00f3pa-bajnoki bronz\u00e9rmes g\u00e1tfut\u00f3, 2x-es olimpikon<\/p>\n\n\n\n<p>25 \u00e9vet t\u00f6lt\u00f6ttem az atl\u00e9tik\u00e1ban \u00e9lsportol\u00f3k\u00e9nt, mik\u00f6zben er\u0151nl\u00e9ti edz\u0151k\u00e9nt kezdtem foglalkozni a S\u00e1volt Teniszakad\u00e9mi\u00e1n sportol\u00f3kkal, majd a Vasas Tenisz Szakoszt\u00e1ly j\u00e1t\u00e9kosaival. T\u00f6bb \u00e9vig seg\u00edtettem a Vasas Ut\u00e1np\u00f3tl\u00e1s \u00e9s Feln\u0151tt R\u00f6plabda csapatait er\u0151nl\u00e9ti edz\u0151k\u00e9nt. Sz\u00e1mos sport\u00e1g \u00e9lsportol\u00f3ival dolgoztam, ill. dolgozom egy\u00fctt (tenisz, atl\u00e9tika, futball, r\u00f6plabda, strandr\u00f6plada, \u00fasz\u00e1s). Az \u00e9lsportol\u00f3k mellett \u00e9vek \u00f3ta seg\u00edtem \u201ecivil&#8221; vend\u00e9geimet c\u00e9ljaik el\u00e9r\u00e9s\u00e9ben legyen sz\u00f3 alakform\u00e1l\u00e1sr\u00f3l, er\u0151fejleszt\u00e9sr\u0151l.<\/p>\n\n\n\n<p>Telefon: 06308646510<\/p>\n\n\n\n<p>E-mail:&nbsp;<a href=\"mailto:kissdaniel1982@gmail.com\">kissdaniel1982@gmail.com<\/a><\/p>\n\n\n\n<figure class=\"wp-block-image size-large is-resized\"><a href=\"http:\/\/folyondar.hu\/wp-content\/uploads\/2024\/03\/kiss-dani.jpg\"><img loading=\"lazy\" decoding=\"async\" src=\"http:\/\/folyondar.hu\/wp-content\/uploads\/2024\/03\/kiss-dani-1024x952.jpg\" alt=\"\" class=\"wp-image-5408\" width=\"621\" height=\"576\" srcset=\"https:\/\/folyondar.hu\/wp-content\/uploads\/2024\/03\/kiss-dani-1024x952.jpg 1024w, https:\/\/folyondar.hu\/wp-content\/uploads\/2024\/03\/kiss-dani-300x279.jpg 300w, https:\/\/folyondar.hu\/wp-content\/uploads\/2024\/03\/kiss-dani-768x714.jpg 768w, https:\/\/folyondar.hu\/wp-content\/uploads\/2024\/03\/kiss-dani-1536x1428.jpg 1536w, https:\/\/folyondar.hu\/wp-content\/uploads\/2024\/03\/kiss-dani-323x300.jpg 323w, https:\/\/folyondar.hu\/wp-content\/uploads\/2024\/03\/kiss-dani.jpg 1782w\" sizes=\"auto, (max-width: 621px) 100vw, 621px\" \/><\/a><\/figure>\n\n\n\n<p><\/p>\n\n\n\n<p style=\"font-size:32px\">Borda-Kerekes Kinga<\/p>\n\n\n\n<figure class=\"wp-block-image size-large is-resized\"><a href=\"http:\/\/folyondar.hu\/wp-content\/uploads\/2025\/02\/1740471461400-fdb7cea2-22f3-4004-b21d-48e194aade3b_1.jpg\"><img loading=\"lazy\" decoding=\"async\" src=\"http:\/\/folyondar.hu\/wp-content\/uploads\/2025\/02\/1740471461400-fdb7cea2-22f3-4004-b21d-48e194aade3b_1.jpg\" alt=\"\" class=\"wp-image-5469\" width=\"621\" height=\"879\"\/><\/a><\/figure>\n\n\n\n<p><\/p>\n","protected":false},"excerpt":{"rendered":"<p>Eddz a Folyond\u00e1rban! Fitneszterm\u00fcnkben a legkorszer\u0171bb Life Fitness g\u00e9pcsal\u00e1d \u00e9s Cybex Trainer v\u00e1r, ahol falra szerelt LCD telev\u00edzi\u00f3inknak k\u00f6sz\u00f6nhet\u0151en, m\u00e9g a g\u00e9peken t\u00f6lt\u00f6tt id\u0151 sem v\u00e1lhat unalmass\u00e1. Magasan kvalifik\u00e1lt szem\u00e9lyi edz\u0151ink els\u0151sorban funkcion\u00e1lis eszk\u00f6z\u00f6kkel \u00e9s gyakorlatokkal hoznak form\u00e1ba, j\u00f3 id\u0151 eset\u00e9n a\u00a0friss leveg\u0151j\u0171, \u00e1polt parkunkban tartanak szabadt\u00e9ri edz\u00e9seket. Gyere \u00e9s pr\u00f3b\u00e1ld ki els\u0151 alkalommal ingyenesen&hellip;<\/p>\n","protected":false},"author":1,"featured_media":1799,"parent":0,"menu_order":0,"comment_status":"closed","ping_status":"closed","template":"","meta":{"footnotes":""},"class_list":["post-22","page","type-page","status-publish","has-post-thumbnail","hentry"],"_links":{"self":[{"href":"https:\/\/folyondar.hu\/index.php?rest_route=\/wp\/v2\/pages\/22","targetHints":{"allow":["GET"]}}],"collection":[{"href":"https:\/\/folyondar.hu\/index.php?rest_route=\/wp\/v2\/pages"}],"about":[{"href":"https:\/\/folyondar.hu\/index.php?rest_route=\/wp\/v2\/types\/page"}],"author":[{"embeddable":true,"href":"https:\/\/folyondar.hu\/index.php?rest_route=\/wp\/v2\/users\/1"}],"replies":[{"embeddable":true,"href":"https:\/\/folyondar.hu\/index.php?rest_route=%2Fwp%2Fv2%2Fcomments&post=22"}],"version-history":[{"count":55,"href":"https:\/\/folyondar.hu\/index.php?rest_route=\/wp\/v2\/pages\/22\/revisions"}],"predecessor-version":[{"id":5602,"href":"https:\/\/folyondar.hu\/index.php?rest_route=\/wp\/v2\/pages\/22\/revisions\/5602"}],"wp:featuredmedia":[{"embeddable":true,"href":"https:\/\/folyondar.hu\/index.php?rest_route=\/wp\/v2\/media\/1799"}],"wp:attachment":[{"href":"https:\/\/folyondar.hu\/index.php?rest_route=%2Fwp%2Fv2%2Fmedia&parent=22"}],"curies":[{"name":"wp","href":"https:\/\/api.w.org\/{rel}","templated":true}]}}