{"id":2268,"date":"2015-05-26T11:18:24","date_gmt":"2015-05-26T09:18:24","guid":{"rendered":"http:\/\/folyondar.hu\/?page_id=2268"},"modified":"2015-05-26T11:22:18","modified_gmt":"2015-05-26T09:22:18","slug":"class-schedule","status":"publish","type":"page","link":"https:\/\/folyondar.hu\/?page_id=2268","title":{"rendered":"Class Schedule"},"content":{"rendered":"\n\n<div class=\"responsivewrap\">\n\t<ul class=\"responsivetimes\">\n\t\t<li><div class=\"responsive_singletitle\">h\u00e9tf\u0151<\/div><div class=\"responsive_singledesc\"><a href=\"https:\/\/folyondar.hu\/?activities=nia\">NIA<\/a> with <a href=\"https:\/\/folyondar.hu\/?members=eory-eniko\">E\u0151ry Enik\u0151<\/a><br\/>18:30 - 19:30<\/div><div class=\"responsive_singledesc\"><a href=\"https:\/\/folyondar.hu\/?activities=kezdo-tarsastanc\">Kezd\u0151 T\u00e1rsast\u00e1nc<\/a> with <a href=\"https:\/\/folyondar.hu\/?members=keleti-andrea\">Keleti Andrea<\/a><br\/>19:30 - 20:30<\/div><\/li><li><div class=\"responsive_singletitle\">kedd<\/div><div class=\"responsive_singledesc\"><a href=\"https:\/\/folyondar.hu\/?activities=hip-hop\">Hip-Hop gyerekeknek<\/a> with <a href=\"https:\/\/folyondar.hu\/?members=bolla-mariann\">Bolla Mariann<\/a><br\/>16:00 - 17:00<\/div><div class=\"responsive_singledesc\"><a href=\"https:\/\/folyondar.hu\/?activities=hip-hop\">Hip-Hop gyerekeknek<\/a> with <a href=\"https:\/\/folyondar.hu\/?members=bolla-mariann\">Bolla Mariann<\/a><br\/>17:00 - 18:00<\/div><\/li><li><div class=\"responsive_singletitle\">szerda<\/div><div class=\"responsive_singledesc\"><a href=\"https:\/\/folyondar.hu\/?activities=hip-hop-felnott\">Hip Hop Dance &#8211; feln\u0151tt<\/a> with <a href=\"https:\/\/folyondar.hu\/?members=bolla-mariann\">Bolla Mariann<\/a><br\/>09:00 - 10:00<\/div><div class=\"responsive_singledesc\"><a href=\"https:\/\/folyondar.hu\/?activities=nia\">NIA<\/a> with <a href=\"https:\/\/folyondar.hu\/?members=eory-eniko\">E\u0151ry Enik\u0151<\/a><br\/>18:30 - 19:30<\/div><\/li><li><div class=\"responsive_singletitle\">p\u00e9ntek<\/div><div class=\"responsive_singledesc\"><a href=\"https:\/\/folyondar.hu\/?activities=hip-hop-felnott\">Hip Hop Dance &#8211; feln\u0151tt<\/a> with <a href=\"https:\/\/folyondar.hu\/?members=bolla-mariann\">Bolla Mariann<\/a><br\/>09:00 - 10:00<\/div><div class=\"responsive_singledesc\"><a href=\"https:\/\/folyondar.hu\/?activities=hip-hop\">Hip-Hop gyerekeknek<\/a> with <a href=\"https:\/\/folyondar.hu\/?members=bolla-mariann\">Bolla Mariann<\/a><br\/>16:00 - 17:00<\/div><div class=\"responsive_singledesc\"><a href=\"https:\/\/folyondar.hu\/?activities=hip-hop\">Hip-Hop gyerekeknek<\/a> with <a href=\"https:\/\/folyondar.hu\/?members=bolla-mariann\">Bolla Mariann<\/a><br\/>17:00 - 18:00<\/div><\/li><li><div class=\"responsive_singletitle\">szombat<\/div><div class=\"responsive_singledesc\"><a href=\"https:\/\/folyondar.hu\/?activities=nia\">NIA<\/a> with <a href=\"https:\/\/folyondar.hu\/?members=eory-eniko\">E\u0151ry Enik\u0151<\/a><br\/>09:00 - 10:00<\/div><\/li>\t<\/ul>\n<\/div>\n\n<div class=\"cro_timetablewrap\">\n\t<ul class=\"cro_hourlines\">\n\t\t<li class=\"cro_hlines\">\n\t\t\t<ul class=\"cro_daylines clearfix\">\n\t\t\t\t\t\t\t<li class=\"cro_dlines cro_titlelines\">&nbsp;<\/li>\n\t\t\t\t\t\t\t<li class=\"cro_dlines cro_titlelines\">h\u00e9tf\u0151<\/li>\n\t\t\t\t\t\t\t<li class=\"cro_dlines cro_titlelines\">kedd<\/li>\n\t\t\t\t\t\t\t<li class=\"cro_dlines cro_titlelines\">szerda<\/li>\n\t\t\t\t\t\t\t<li class=\"cro_dlines cro_titlelines\">cs\u00fct\u00f6rt\u00f6k<\/li>\n\t\t\t\t\t\t\t<li class=\"cro_dlines cro_titlelines\">p\u00e9ntek<\/li>\n\t\t\t\t\t\t\t<li class=\"cro_dlines cro_titlelines\">szombat<\/li>\n\t\t\t\t\t\t\t<li class=\"cro_dlines cro_titlelines\">vas\u00e1rnap<\/li>\n\t\t\t\t\t\t<\/ul>\n\t\t<\/li>\n\n\t \n\t\t<li class=\"cro_hlines\">\n\t\t\t<ul class=\"cro_daylines clearfix\">\n\t\t\t\t\t\t\t\t<!-- <pp cho sprintf(\"%02s\", $i); ?>:00 -->\n\t\t\t\t<li class=\"cro_dlines\">09:00 - 10:00<\/li>\n\t\t\t\t\t\t\t\t<li class=\"cro_dlines cro_emptytable\">&nbsp;<\/li>\n\t\t\t\t\t\t\t\t<li class=\"cro_dlines cro_emptytable\">&nbsp;<\/li>\n\t\t\t\t\t\t\t\t<li class=\"cro_dlines cro_timetableactive\"><a href=\"https:\/\/folyondar.hu\/?activities=hip-hop-felnott\">Hip Hop Dance &#8211; feln\u0151tt<\/a> with <a href=\"https:\/\/folyondar.hu\/?members=bolla-mariann\">Bolla Mariann<\/a><br\/>09:00 - 10:00<\/li>\n\t\t\t\t\t\t\t\t<li class=\"cro_dlines cro_emptytable\">&nbsp;<\/li>\n\t\t\t\t\t\t\t\t<li class=\"cro_dlines cro_timetableactive\"><a href=\"https:\/\/folyondar.hu\/?activities=hip-hop-felnott\">Hip Hop Dance &#8211; feln\u0151tt<\/a> with <a href=\"https:\/\/folyondar.hu\/?members=bolla-mariann\">Bolla Mariann<\/a><br\/>09:00 - 10:00<\/li>\n\t\t\t\t\t\t\t\t<li class=\"cro_dlines cro_timetableactive\"><a href=\"https:\/\/folyondar.hu\/?activities=nia\">NIA<\/a> with <a href=\"https:\/\/folyondar.hu\/?members=eory-eniko\">E\u0151ry Enik\u0151<\/a><br\/>09:00 - 10:00<\/li>\n\t\t\t\t\t\t\t\t<li class=\"cro_dlines cro_emptytable\">&nbsp;<\/li>\n\t\t\t\t\t\t\t<\/ul>\n\t\t<\/li>\t\t\n\t \n\t\t<li class=\"cro_hlines\">\n\t\t\t<ul class=\"cro_daylines clearfix\">\n\t\t\t\t\t\t\t\t<!-- <pp cho sprintf(\"%02s\", $i); ?>:00 -->\n\t\t\t\t<li class=\"cro_dlines\">10:00 - 11:00<\/li>\n\t\t\t\t\t\t\t\t<li class=\"cro_dlines cro_emptytable\">&nbsp;<\/li>\n\t\t\t\t\t\t\t\t<li class=\"cro_dlines cro_emptytable\">&nbsp;<\/li>\n\t\t\t\t\t\t\t\t<li class=\"cro_dlines cro_emptytable\">&nbsp;<\/li>\n\t\t\t\t\t\t\t\t<li class=\"cro_dlines cro_emptytable\">&nbsp;<\/li>\n\t\t\t\t\t\t\t\t<li class=\"cro_dlines cro_emptytable\">&nbsp;<\/li>\n\t\t\t\t\t\t\t\t<li class=\"cro_dlines cro_emptytable\">&nbsp;<\/li>\n\t\t\t\t\t\t\t\t<li class=\"cro_dlines cro_emptytable\">&nbsp;<\/li>\n\t\t\t\t\t\t\t<\/ul>\n\t\t<\/li>\t\t\n\t \n\t\t<li class=\"cro_hlines\">\n\t\t\t<ul class=\"cro_daylines clearfix\">\n\t\t\t\t\t\t\t\t<!-- <pp cho sprintf(\"%02s\", $i); ?>:00 -->\n\t\t\t\t<li class=\"cro_dlines\">11:00 - 12:00<\/li>\n\t\t\t\t\t\t\t\t<li class=\"cro_dlines cro_emptytable\">&nbsp;<\/li>\n\t\t\t\t\t\t\t\t<li class=\"cro_dlines cro_emptytable\">&nbsp;<\/li>\n\t\t\t\t\t\t\t\t<li class=\"cro_dlines cro_emptytable\">&nbsp;<\/li>\n\t\t\t\t\t\t\t\t<li class=\"cro_dlines cro_emptytable\">&nbsp;<\/li>\n\t\t\t\t\t\t\t\t<li class=\"cro_dlines cro_emptytable\">&nbsp;<\/li>\n\t\t\t\t\t\t\t\t<li class=\"cro_dlines cro_emptytable\">&nbsp;<\/li>\n\t\t\t\t\t\t\t\t<li class=\"cro_dlines cro_emptytable\">&nbsp;<\/li>\n\t\t\t\t\t\t\t<\/ul>\n\t\t<\/li>\t\t\n\t \n\t\t<li class=\"cro_hlines\">\n\t\t\t<ul class=\"cro_daylines clearfix\">\n\t\t\t\t\t\t\t\t<!-- <pp cho sprintf(\"%02s\", $i); ?>:00 -->\n\t\t\t\t<li class=\"cro_dlines\">12:00 - 13:00<\/li>\n\t\t\t\t\t\t\t\t<li class=\"cro_dlines cro_emptytable\">&nbsp;<\/li>\n\t\t\t\t\t\t\t\t<li class=\"cro_dlines cro_emptytable\">&nbsp;<\/li>\n\t\t\t\t\t\t\t\t<li class=\"cro_dlines cro_emptytable\">&nbsp;<\/li>\n\t\t\t\t\t\t\t\t<li class=\"cro_dlines cro_emptytable\">&nbsp;<\/li>\n\t\t\t\t\t\t\t\t<li class=\"cro_dlines cro_emptytable\">&nbsp;<\/li>\n\t\t\t\t\t\t\t\t<li class=\"cro_dlines cro_emptytable\">&nbsp;<\/li>\n\t\t\t\t\t\t\t\t<li class=\"cro_dlines cro_emptytable\">&nbsp;<\/li>\n\t\t\t\t\t\t\t<\/ul>\n\t\t<\/li>\t\t\n\t \n\t\t<li class=\"cro_hlines\">\n\t\t\t<ul class=\"cro_daylines clearfix\">\n\t\t\t\t\t\t\t\t<!-- <pp cho sprintf(\"%02s\", $i); ?>:00 -->\n\t\t\t\t<li class=\"cro_dlines\">13:00 - 14:00<\/li>\n\t\t\t\t\t\t\t\t<li class=\"cro_dlines cro_emptytable\">&nbsp;<\/li>\n\t\t\t\t\t\t\t\t<li class=\"cro_dlines cro_emptytable\">&nbsp;<\/li>\n\t\t\t\t\t\t\t\t<li class=\"cro_dlines cro_emptytable\">&nbsp;<\/li>\n\t\t\t\t\t\t\t\t<li class=\"cro_dlines cro_emptytable\">&nbsp;<\/li>\n\t\t\t\t\t\t\t\t<li class=\"cro_dlines cro_emptytable\">&nbsp;<\/li>\n\t\t\t\t\t\t\t\t<li class=\"cro_dlines cro_emptytable\">&nbsp;<\/li>\n\t\t\t\t\t\t\t\t<li class=\"cro_dlines cro_emptytable\">&nbsp;<\/li>\n\t\t\t\t\t\t\t<\/ul>\n\t\t<\/li>\t\t\n\t \n\t\t<li class=\"cro_hlines\">\n\t\t\t<ul class=\"cro_daylines clearfix\">\n\t\t\t\t\t\t\t\t<!-- <pp cho sprintf(\"%02s\", $i); ?>:00 -->\n\t\t\t\t<li class=\"cro_dlines\">14:00 - 15:00<\/li>\n\t\t\t\t\t\t\t\t<li class=\"cro_dlines cro_emptytable\">&nbsp;<\/li>\n\t\t\t\t\t\t\t\t<li class=\"cro_dlines cro_emptytable\">&nbsp;<\/li>\n\t\t\t\t\t\t\t\t<li class=\"cro_dlines cro_emptytable\">&nbsp;<\/li>\n\t\t\t\t\t\t\t\t<li class=\"cro_dlines cro_emptytable\">&nbsp;<\/li>\n\t\t\t\t\t\t\t\t<li class=\"cro_dlines cro_emptytable\">&nbsp;<\/li>\n\t\t\t\t\t\t\t\t<li class=\"cro_dlines cro_emptytable\">&nbsp;<\/li>\n\t\t\t\t\t\t\t\t<li class=\"cro_dlines cro_emptytable\">&nbsp;<\/li>\n\t\t\t\t\t\t\t<\/ul>\n\t\t<\/li>\t\t\n\t \n\t\t<li class=\"cro_hlines\">\n\t\t\t<ul class=\"cro_daylines clearfix\">\n\t\t\t\t\t\t\t\t<!-- <pp cho sprintf(\"%02s\", $i); ?>:00 -->\n\t\t\t\t<li class=\"cro_dlines\">15:00 - 16:00<\/li>\n\t\t\t\t\t\t\t\t<li class=\"cro_dlines cro_emptytable\">&nbsp;<\/li>\n\t\t\t\t\t\t\t\t<li class=\"cro_dlines cro_emptytable\">&nbsp;<\/li>\n\t\t\t\t\t\t\t\t<li class=\"cro_dlines cro_emptytable\">&nbsp;<\/li>\n\t\t\t\t\t\t\t\t<li class=\"cro_dlines cro_emptytable\">&nbsp;<\/li>\n\t\t\t\t\t\t\t\t<li class=\"cro_dlines cro_emptytable\">&nbsp;<\/li>\n\t\t\t\t\t\t\t\t<li class=\"cro_dlines cro_emptytable\">&nbsp;<\/li>\n\t\t\t\t\t\t\t\t<li class=\"cro_dlines cro_emptytable\">&nbsp;<\/li>\n\t\t\t\t\t\t\t<\/ul>\n\t\t<\/li>\t\t\n\t \n\t\t<li class=\"cro_hlines\">\n\t\t\t<ul class=\"cro_daylines clearfix\">\n\t\t\t\t\t\t\t\t<!-- <pp cho sprintf(\"%02s\", $i); ?>:00 -->\n\t\t\t\t<li class=\"cro_dlines\">16:00 - 17:00<\/li>\n\t\t\t\t\t\t\t\t<li class=\"cro_dlines cro_emptytable\">&nbsp;<\/li>\n\t\t\t\t\t\t\t\t<li class=\"cro_dlines cro_timetableactive\"><a href=\"https:\/\/folyondar.hu\/?activities=hip-hop\">Hip-Hop gyerekeknek<\/a> with <a href=\"https:\/\/folyondar.hu\/?members=bolla-mariann\">Bolla Mariann<\/a><br\/>16:00 - 17:00<\/li>\n\t\t\t\t\t\t\t\t<li class=\"cro_dlines cro_emptytable\">&nbsp;<\/li>\n\t\t\t\t\t\t\t\t<li class=\"cro_dlines cro_emptytable\">&nbsp;<\/li>\n\t\t\t\t\t\t\t\t<li class=\"cro_dlines cro_timetableactive\"><a href=\"https:\/\/folyondar.hu\/?activities=hip-hop\">Hip-Hop gyerekeknek<\/a> with <a href=\"https:\/\/folyondar.hu\/?members=bolla-mariann\">Bolla Mariann<\/a><br\/>16:00 - 17:00<\/li>\n\t\t\t\t\t\t\t\t<li class=\"cro_dlines cro_emptytable\">&nbsp;<\/li>\n\t\t\t\t\t\t\t\t<li class=\"cro_dlines cro_emptytable\">&nbsp;<\/li>\n\t\t\t\t\t\t\t<\/ul>\n\t\t<\/li>\t\t\n\t \n\t\t<li class=\"cro_hlines\">\n\t\t\t<ul class=\"cro_daylines clearfix\">\n\t\t\t\t\t\t\t\t<!-- <pp cho sprintf(\"%02s\", $i); ?>:00 -->\n\t\t\t\t<li class=\"cro_dlines\">17:00 - 18:00<\/li>\n\t\t\t\t\t\t\t\t<li class=\"cro_dlines cro_emptytable\">&nbsp;<\/li>\n\t\t\t\t\t\t\t\t<li class=\"cro_dlines cro_timetableactive\"><a href=\"https:\/\/folyondar.hu\/?activities=hip-hop\">Hip-Hop gyerekeknek<\/a> with <a href=\"https:\/\/folyondar.hu\/?members=bolla-mariann\">Bolla Mariann<\/a><br\/>17:00 - 18:00<\/li>\n\t\t\t\t\t\t\t\t<li class=\"cro_dlines cro_emptytable\">&nbsp;<\/li>\n\t\t\t\t\t\t\t\t<li class=\"cro_dlines cro_emptytable\">&nbsp;<\/li>\n\t\t\t\t\t\t\t\t<li class=\"cro_dlines cro_timetableactive\"><a href=\"https:\/\/folyondar.hu\/?activities=hip-hop\">Hip-Hop gyerekeknek<\/a> with <a href=\"https:\/\/folyondar.hu\/?members=bolla-mariann\">Bolla Mariann<\/a><br\/>17:00 - 18:00<\/li>\n\t\t\t\t\t\t\t\t<li class=\"cro_dlines cro_emptytable\">&nbsp;<\/li>\n\t\t\t\t\t\t\t\t<li class=\"cro_dlines cro_emptytable\">&nbsp;<\/li>\n\t\t\t\t\t\t\t<\/ul>\n\t\t<\/li>\t\t\n\t \n\t\t<li class=\"cro_hlines\">\n\t\t\t<ul class=\"cro_daylines clearfix\">\n\t\t\t\t\t\t\t\t<!-- <pp cho sprintf(\"%02s\", $i); ?>:00 -->\n\t\t\t\t<li class=\"cro_dlines\">18:00 - 19:00<\/li>\n\t\t\t\t\t\t\t\t<li class=\"cro_dlines cro_timetableactive\"><a href=\"https:\/\/folyondar.hu\/?activities=nia\">NIA<\/a> with <a href=\"https:\/\/folyondar.hu\/?members=eory-eniko\">E\u0151ry Enik\u0151<\/a><br\/>18:30 - 19:30<\/li>\n\t\t\t\t\t\t\t\t<li class=\"cro_dlines cro_emptytable\">&nbsp;<\/li>\n\t\t\t\t\t\t\t\t<li class=\"cro_dlines cro_timetableactive\"><a href=\"https:\/\/folyondar.hu\/?activities=nia\">NIA<\/a> with <a href=\"https:\/\/folyondar.hu\/?members=eory-eniko\">E\u0151ry Enik\u0151<\/a><br\/>18:30 - 19:30<\/li>\n\t\t\t\t\t\t\t\t<li class=\"cro_dlines cro_emptytable\">&nbsp;<\/li>\n\t\t\t\t\t\t\t\t<li class=\"cro_dlines cro_emptytable\">&nbsp;<\/li>\n\t\t\t\t\t\t\t\t<li class=\"cro_dlines cro_emptytable\">&nbsp;<\/li>\n\t\t\t\t\t\t\t\t<li class=\"cro_dlines cro_emptytable\">&nbsp;<\/li>\n\t\t\t\t\t\t\t<\/ul>\n\t\t<\/li>\t\t\n\t \n\t\t<li class=\"cro_hlines\">\n\t\t\t<ul class=\"cro_daylines clearfix\">\n\t\t\t\t\t\t\t\t<!-- <pp cho sprintf(\"%02s\", $i); ?>:00 -->\n\t\t\t\t<li class=\"cro_dlines\">19:00 - 20:00<\/li>\n\t\t\t\t\t\t\t\t<li class=\"cro_dlines cro_timetableactive\"><a href=\"https:\/\/folyondar.hu\/?activities=kezdo-tarsastanc\">Kezd\u0151 T\u00e1rsast\u00e1nc<\/a> with <a href=\"https:\/\/folyondar.hu\/?members=keleti-andrea\">Keleti Andrea<\/a><br\/>19:30 - 20:30<\/li>\n\t\t\t\t\t\t\t\t<li class=\"cro_dlines cro_emptytable\">&nbsp;<\/li>\n\t\t\t\t\t\t\t\t<li class=\"cro_dlines cro_emptytable\">&nbsp;<\/li>\n\t\t\t\t\t\t\t\t<li class=\"cro_dlines cro_emptytable\">&nbsp;<\/li>\n\t\t\t\t\t\t\t\t<li class=\"cro_dlines cro_emptytable\">&nbsp;<\/li>\n\t\t\t\t\t\t\t\t<li class=\"cro_dlines cro_emptytable\">&nbsp;<\/li>\n\t\t\t\t\t\t\t\t<li class=\"cro_dlines cro_emptytable\">&nbsp;<\/li>\n\t\t\t\t\t\t\t<\/ul>\n\t\t<\/li>\t\t\n\t \n\t\t<li class=\"cro_hlines\">\n\t\t\t<ul class=\"cro_daylines clearfix\">\n\t\t\t\t\t\t\t\t<!-- <pp cho sprintf(\"%02s\", $i); ?>:00 -->\n\t\t\t\t<li class=\"cro_dlines\">20:00 - 21:00<\/li>\n\t\t\t\t\t\t\t\t<li class=\"cro_dlines cro_emptytable\">&nbsp;<\/li>\n\t\t\t\t\t\t\t\t<li class=\"cro_dlines cro_emptytable\">&nbsp;<\/li>\n\t\t\t\t\t\t\t\t<li class=\"cro_dlines cro_emptytable\">&nbsp;<\/li>\n\t\t\t\t\t\t\t\t<li class=\"cro_dlines cro_emptytable\">&nbsp;<\/li>\n\t\t\t\t\t\t\t\t<li class=\"cro_dlines cro_emptytable\">&nbsp;<\/li>\n\t\t\t\t\t\t\t\t<li class=\"cro_dlines cro_emptytable\">&nbsp;<\/li>\n\t\t\t\t\t\t\t\t<li class=\"cro_dlines cro_emptytable\">&nbsp;<\/li>\n\t\t\t\t\t\t\t<\/ul>\n\t\t<\/li>\t\t\n\t\n\t<\/ul>\n<\/div>\n","protected":false},"excerpt":{"rendered":"","protected":false},"author":1,"featured_media":2276,"parent":0,"menu_order":0,"comment_status":"open","ping_status":"open","template":"","meta":{"footnotes":""},"class_list":["post-2268","page","type-page","status-publish","has-post-thumbnail","hentry"],"_links":{"self":[{"href":"https:\/\/folyondar.hu\/index.php?rest_route=\/wp\/v2\/pages\/2268","targetHints":{"allow":["GET"]}}],"collection":[{"href":"https:\/\/folyondar.hu\/index.php?rest_route=\/wp\/v2\/pages"}],"about":[{"href":"https:\/\/folyondar.hu\/index.php?rest_route=\/wp\/v2\/types\/page"}],"author":[{"embeddable":true,"href":"https:\/\/folyondar.hu\/index.php?rest_route=\/wp\/v2\/users\/1"}],"replies":[{"embeddable":true,"href":"https:\/\/folyondar.hu\/index.php?rest_route=%2Fwp%2Fv2%2Fcomments&post=2268"}],"version-history":[{"count":0,"href":"https:\/\/folyondar.hu\/index.php?rest_route=\/wp\/v2\/pages\/2268\/revisions"}],"wp:featuredmedia":[{"embeddable":true,"href":"https:\/\/folyondar.hu\/index.php?rest_route=\/wp\/v2\/media\/2276"}],"wp:attachment":[{"href":"https:\/\/folyondar.hu\/index.php?rest_route=%2Fwp%2Fv2%2Fmedia&parent=2268"}],"curies":[{"name":"wp","href":"https:\/\/api.w.org\/{rel}","templated":true}]}}