{"id":25,"date":"2015-03-09T12:58:54","date_gmt":"2014-10-13T08:54:10","guid":{"rendered":"http:\/\/sport.folyondar.akosv.com\/?page_id=25"},"modified":"2026-04-14T12:25:13","modified_gmt":"2026-04-14T10:25:13","slug":"orarend","status":"publish","type":"page","link":"https:\/\/folyondar.hu\/?page_id=25","title":{"rendered":"\u00d3rarend"},"content":{"rendered":"\n<figure class=\"wp-block-image size-large\"><a href=\"http:\/\/folyondar.hu\/wp-content\/uploads\/2026\/01\/orarend-uj_2026.png\"><img loading=\"lazy\" decoding=\"async\" width=\"1024\" height=\"724\" src=\"http:\/\/folyondar.hu\/wp-content\/uploads\/2026\/01\/orarend-uj_2026-1024x724.png\" alt=\"\" class=\"wp-image-5650\" srcset=\"https:\/\/folyondar.hu\/wp-content\/uploads\/2026\/01\/orarend-uj_2026-1024x724.png 1024w, https:\/\/folyondar.hu\/wp-content\/uploads\/2026\/01\/orarend-uj_2026-300x212.png 300w, https:\/\/folyondar.hu\/wp-content\/uploads\/2026\/01\/orarend-uj_2026-768x543.png 768w, https:\/\/folyondar.hu\/wp-content\/uploads\/2026\/01\/orarend-uj_2026-1536x1086.png 1536w, https:\/\/folyondar.hu\/wp-content\/uploads\/2026\/01\/orarend-uj_2026-424x300.png 424w, https:\/\/folyondar.hu\/wp-content\/uploads\/2026\/01\/orarend-uj_2026.png 2000w\" sizes=\"auto, (max-width: 1024px) 100vw, 1024px\" \/><\/a><\/figure>\n\n\n<p><span style=\"font-size: revert; text-align: justify; color: initial;\">A rendszeres testmozg\u00e1s az eg\u00e9szs\u00e9ges \u00e9letm\u00f3d alapja, mely nem csak a testnek, hanem a l\u00e9leknek is alapvet\u0151 sz\u00fcks\u00e9glete. Itt a Folyond\u00e1rban az\u00e9rt vagyunk, hogy seg\u00edts\u00fcnk c\u00e9ljaid megval\u00f3s\u00edt\u00e1s\u00e1ban, eg\u00e9szs\u00e9ged meg\u0151rz\u00e9s\u00e9ben, mindezt korszer\u0171en felszerelt termekben, ig\u00e9nyes k\u00f6rnyezetben. C\u00e9lunk az, hogy el\u00e9gedetten, felfriss\u00fclve \u00e9s \u00f6nbizalommal telve t\u00e1vozz, alig v\u00e1rva a k\u00f6vetkez\u0151 edz\u00e9st.<\/span><\/p>\n<div>\n<p style=\"text-align: justify;\">Napos t\u00e1ncterm\u00fcnkben csoportos \u00f3r\u00e1k sz\u00e9les v\u00e1laszt\u00e9k\u00e1val v\u00e1runk \u00e9s gondoskodunk r\u00f3la, hogy megtal\u00e1ld a sz\u00e1modra legkedvesebb mozg\u00e1sform\u00e1t.<\/p>\n<p style=\"text-align: justify;\">L\u00e1togass el hozz\u00e1nk \u00e9s \u00e9rezd a k\u00fcl\u00f6nbs\u00e9get! V\u00e1runk szeretettel!<\/p>\n<p>NIA edz\u0151i beoszt\u00e1s:<\/p>\n<\/div>\n<p>* Febru\u00e1r 9. h\u00e9tf\u0151 \u2013 Fodor Zs\u00f3fi<br \/>\u00a0 \u00a0 * Febru\u00e1r 11. szerda \u2013 Szeremley Zs\u00f3fi<br \/>\u00a0 \u00a0 * Febru\u00e1r 12. cs\u00fct\u00f6rt\u00f6k \u2013 Szeremley Zs\u00f3fi<br \/>\u00a0 \u00a0 * Febru\u00e1r 14. szombat \u2013 Fodor Zs\u00f3fi<br \/>\u00a0 \u00a0 * Febru\u00e1r 16. h\u00e9tf\u0151 \u2013 E\u0151ry Enik\u0151<br \/>\u00a0 \u00a0 * Febru\u00e1r 18. szerda \u2013 E\u0151ry Enik\u0151<br \/>\u00a0 \u00a0 * Febru\u00e1r 19. cs\u00fct\u00f6rt\u00f6k \u2013 Szeremley Zs\u00f3fi<br \/>\u00a0 \u00a0 * Febru\u00e1r 21. szombat \u2013 Fodor Zs\u00f3fi<br \/>\u00a0 \u00a0 * Febru\u00e1r 23. h\u00e9tf\u0151 \u2013 E\u0151ry Enik\u0151<br \/>\u00a0 \u00a0 * Febru\u00e1r 25. szerda \u2013 E\u0151ry Enik\u0151<br \/>\u00a0 \u00a0 * Febru\u00e1r 26. cs\u00fct\u00f6rt\u00f6k \u2013 Szeremley Zs\u00f3fi<br \/>\u00a0 \u00a0 * Febru\u00e1r 28. szombat \u2013 Fodor Zs\u00f3fi<br \/>\u00a0 \u00a0 * M\u00e1rcius 2. h\u00e9tf\u0151 \u2013 E\u0151ry Enik\u0151<br \/>\u00a0 \u00a0 * M\u00e1rcius 4. szerda \u2013 E\u0151ry Enik\u0151<br \/>\u00a0 \u00a0 * M\u00e1rcius 5. cs\u00fct\u00f6rt\u00f6k \u2013 Szeremley Zs\u00f3fi<br \/>\u00a0 \u00a0 * M\u00e1rcius 7. szombat \u2013 Fodor Zs\u00f3fi<br \/>\u00a0 \u00a0 * M\u00e1rcius 9. h\u00e9tf\u0151 \u2013 Fodor Zs\u00f3fi<br \/>\u00a0 \u00a0 * M\u00e1rcius 11. szerda \u2013 Szeremley Zs\u00f3fi<br \/>\u00a0 \u00a0 * M\u00e1rcius 12. cs\u00fct\u00f6rt\u00f6k \u2013 Szeremley Zs\u00f3fi<br \/>\u00a0 \u00a0 * M\u00e1rcius 14. szombat \u2013 Fodor Zs\u00f3fi<br \/>\u00a0 \u00a0 * M\u00e1rcius 16. h\u00e9tf\u0151 \u2013 E\u0151ry Enik\u0151<br \/>\u00a0 \u00a0 * M\u00e1rcius 18. szerda \u2013 E\u0151ry Enik\u0151<br \/>\u00a0 \u00a0 * M\u00e1rcius 19. cs\u00fct\u00f6rt\u00f6k \u2013 Szeremley Zs\u00f3fi<br \/>\u00a0 \u00a0 * M\u00e1rcius 21. szombat \u2013 Fodor Zs\u00f3fi<br \/>\u00a0 \u00a0 * M\u00e1rcius 23. h\u00e9tf\u0151 \u2013 E\u0151ry Enik\u0151<br \/>\u00a0 \u00a0 * M\u00e1rcius 25. szerda \u2013 E\u0151ry Enik\u0151<br \/>\u00a0 \u00a0 * M\u00e1rcius 26. cs\u00fct\u00f6rt\u00f6k \u2013 Szeremley Zs\u00f3fi<br \/>\u00a0 \u00a0 * M\u00e1rcius 28. szombat \u2013 Fodor Zs\u00f3fi<br \/>\u00a0 \u00a0 * M\u00e1rcius 30. h\u00e9tf\u0151 \u2013 Szeremley Zs\u00f3fi<\/p>\n<p>V\u00e1runk szeretettel!\u00a0 \u00a0<\/p>\n<p style=\"text-align: center;\">\u00a0<\/p>\n\n\n<p><\/p>\n","protected":false},"excerpt":{"rendered":"<p>A rendszeres testmozg\u00e1s az eg\u00e9szs\u00e9ges \u00e9letm\u00f3d alapja, mely nem csak a testnek, hanem a l\u00e9leknek is alapvet\u0151 sz\u00fcks\u00e9glete. Itt a Folyond\u00e1rban az\u00e9rt vagyunk, hogy seg\u00edts\u00fcnk c\u00e9ljaid megval\u00f3s\u00edt\u00e1s\u00e1ban, eg\u00e9szs\u00e9ged meg\u0151rz\u00e9s\u00e9ben, mindezt korszer\u0171en felszerelt termekben, ig\u00e9nyes k\u00f6rnyezetben. C\u00e9lunk az, hogy el\u00e9gedetten, felfriss\u00fclve \u00e9s \u00f6nbizalommal telve t\u00e1vozz, alig v\u00e1rva a k\u00f6vetkez\u0151 edz\u00e9st. Napos t\u00e1ncterm\u00fcnkben csoportos \u00f3r\u00e1k sz\u00e9les v\u00e1laszt\u00e9k\u00e1val&hellip;<\/p>\n","protected":false},"author":1,"featured_media":1832,"parent":0,"menu_order":0,"comment_status":"closed","ping_status":"closed","template":"","meta":{"footnotes":""},"class_list":["post-25","page","type-page","status-publish","has-post-thumbnail","hentry"],"_links":{"self":[{"href":"https:\/\/folyondar.hu\/index.php?rest_route=\/wp\/v2\/pages\/25","targetHints":{"allow":["GET"]}}],"collection":[{"href":"https:\/\/folyondar.hu\/index.php?rest_route=\/wp\/v2\/pages"}],"about":[{"href":"https:\/\/folyondar.hu\/index.php?rest_route=\/wp\/v2\/types\/page"}],"author":[{"embeddable":true,"href":"https:\/\/folyondar.hu\/index.php?rest_route=\/wp\/v2\/users\/1"}],"replies":[{"embeddable":true,"href":"https:\/\/folyondar.hu\/index.php?rest_route=%2Fwp%2Fv2%2Fcomments&post=25"}],"version-history":[{"count":25,"href":"https:\/\/folyondar.hu\/index.php?rest_route=\/wp\/v2\/pages\/25\/revisions"}],"predecessor-version":[{"id":5707,"href":"https:\/\/folyondar.hu\/index.php?rest_route=\/wp\/v2\/pages\/25\/revisions\/5707"}],"wp:featuredmedia":[{"embeddable":true,"href":"https:\/\/folyondar.hu\/index.php?rest_route=\/wp\/v2\/media\/1832"}],"wp:attachment":[{"href":"https:\/\/folyondar.hu\/index.php?rest_route=%2Fwp%2Fv2%2Fmedia&parent=25"}],"curies":[{"name":"wp","href":"https:\/\/api.w.org\/{rel}","templated":true}]}}