{"id":27,"date":"2015-03-09T13:42:45","date_gmt":"2014-10-13T08:52:29","guid":{"rendered":"http:\/\/sport.folyondar.akosv.com\/?page_id=27"},"modified":"2025-11-04T12:31:40","modified_gmt":"2025-11-04T10:31:40","slug":"gyermeksport","status":"publish","type":"page","link":"https:\/\/folyondar.hu\/?page_id=27","title":{"rendered":"Gyermeksport"},"content":{"rendered":"<p style=\"text-align: left;\">\n<h2 style=\"text-align: justify;\"><span style=\"color: #c6006f;\"><span style=\"vertical-align: inherit;\"><span style=\"vertical-align: inherit;\">Sportolj <\/span><\/span><\/span> <span style=\"color: #c6006f;\"><span style=\"vertical-align: inherit;\"><span style=\"vertical-align: inherit;\">vel\u00fcnk!<\/span><\/span><\/span><\/h2>\n<p style=\"text-align: justify;\"><span style=\"vertical-align: inherit;\"><span style=\"vertical-align: inherit;\">A Folyond\u00e1r Vasas Sport \u00e9s T\u00e1nc k\u00f6zpontban t\u00f6bb sport\u00e1gat is megtal\u00e1lsz. <\/span><span style=\"vertical-align: inherit;\">A Vasas berkein bel\u00fcl el\u00e9rhet\u0151 sportjaink a tenisz, aerobik \u00e9s a r\u00f6plabda, Folyond\u00e1ros tanfolyamokon bel\u00fcl a hip-hop \u00e9s a balett.<\/span><\/span><\/p>\n<h5><span style=\"vertical-align: inherit;\"><span style=\"vertical-align: inherit;\">B\u0151vebb inform\u00e1ci\u00f3, jelentkez\u00e9s:<\/span><\/span><\/h5>\n<p><span style=\"vertical-align: inherit;\"><span style=\"vertical-align: inherit;\">RECEPCI\u00d3: +36 1 244 8850; <\/span><span style=\"vertical-align: inherit;\">+36 70 967 1678; recepcio@folyondar.hu<\/span><\/span><\/p>\n<p><a href=\"http:\/\/folyondar.hu\/members\/bolla-mariann\/\"><span style=\"vertical-align: inherit;\"><span style=\"vertical-align: inherit;\">MARIANN BOLLA<\/span><\/span><\/a><span style=\"vertical-align: inherit;\"><span style=\"vertical-align: inherit;\"> &#8211; Hip-Hop tanfolyamvezet\u0151: +36 20 379 3092; <\/span><\/span><span style=\"vertical-align: inherit;\"><span style=\"vertical-align: inherit;\"><\/span><\/span><\/p>\n<p>BOCSKAY J\u00d3ZSEF &#8211; Tenisz szakoszt\u00e1lyvezet\u0151: +36 30 992 3799<\/p>\n<p>TORM\u00c1SI ORSOLYA &#8211; R\u00f6plabda szakoszt\u00e1lyvezet\u0151: +36 30 606 6297<\/p>\n<p>KOLOZSV\u00c1RI ANNA &#8211; Aerobik szakoszt\u00e1lyvezet\u0151 +36 70 270 2031<\/p>\n<p><span style=\"vertical-align: inherit;\"><span style=\"vertical-align: inherit;\"><div class=\"ezcol ezcol-one-half\"><\/div> <\/span><\/span><a href=\"http:\/\/folyondar.hu\/wp-content\/uploads\/2014\/12\/balett-43.jpg\"><img loading=\"lazy\" decoding=\"async\" class=\"alignnone size-full wp-image-1623\" src=\"http:\/\/folyondar.hu\/wp-content\/uploads\/2014\/12\/balett-43.jpg\" alt=\"Balett Gyermek\" width=\"1800\" height=\"1197\" \/><\/a><span style=\"vertical-align: inherit;\"><span style=\"vertical-align: inherit;\">\u00a0<div class=\"ezcol ezcol-one-half ezcol-last\"><\/div><div class=\"ezcol-divider\"><\/div><\/span><\/span><\/p>\n<p><a href=\"http:\/\/folyondar.hu\/wp-content\/uploads\/2014\/12\/folyond\u00e1rhiphop-27.jpg\"><img loading=\"lazy\" decoding=\"async\" class=\"alignnone size-full wp-image-1391\" src=\"http:\/\/folyondar.hu\/wp-content\/uploads\/2014\/12\/folyond\u00e1rhiphop-27.jpg\" alt=\"Verseny Hip Hop\" width=\"1792\" height=\"1200\" \/><\/a><\/p>\n<p><strong>\u00a0<\/strong><\/p>\n","protected":false},"excerpt":{"rendered":"<p>Sportolj vel\u00fcnk! A Folyond\u00e1r Vasas Sport \u00e9s T\u00e1nc k\u00f6zpontban t\u00f6bb sport\u00e1gat is megtal\u00e1lsz. A Vasas berkein bel\u00fcl el\u00e9rhet\u0151 sportjaink a tenisz, aerobik \u00e9s a r\u00f6plabda, Folyond\u00e1ros tanfolyamokon bel\u00fcl a hip-hop \u00e9s a balett. B\u0151vebb inform\u00e1ci\u00f3, jelentkez\u00e9s: RECEPCI\u00d3: +36 1 244 8850; +36 70 967 1678; recepcio@folyondar.hu MARIANN BOLLA &#8211; Hip-Hop tanfolyamvezet\u0151: +36 20 379 3092;&hellip;<\/p>\n","protected":false},"author":1,"featured_media":0,"parent":0,"menu_order":0,"comment_status":"closed","ping_status":"closed","template":"","meta":{"footnotes":""},"class_list":["post-27","page","type-page","status-publish","hentry"],"_links":{"self":[{"href":"https:\/\/folyondar.hu\/index.php?rest_route=\/wp\/v2\/pages\/27","targetHints":{"allow":["GET"]}}],"collection":[{"href":"https:\/\/folyondar.hu\/index.php?rest_route=\/wp\/v2\/pages"}],"about":[{"href":"https:\/\/folyondar.hu\/index.php?rest_route=\/wp\/v2\/types\/page"}],"author":[{"embeddable":true,"href":"https:\/\/folyondar.hu\/index.php?rest_route=\/wp\/v2\/users\/1"}],"replies":[{"embeddable":true,"href":"https:\/\/folyondar.hu\/index.php?rest_route=%2Fwp%2Fv2%2Fcomments&post=27"}],"version-history":[{"count":12,"href":"https:\/\/folyondar.hu\/index.php?rest_route=\/wp\/v2\/pages\/27\/revisions"}],"predecessor-version":[{"id":5638,"href":"https:\/\/folyondar.hu\/index.php?rest_route=\/wp\/v2\/pages\/27\/revisions\/5638"}],"wp:attachment":[{"href":"https:\/\/folyondar.hu\/index.php?rest_route=%2Fwp%2Fv2%2Fmedia&parent=27"}],"curies":[{"name":"wp","href":"https:\/\/api.w.org\/{rel}","templated":true}]}}