{"id":292,"date":"2015-06-02T11:16:57","date_gmt":"2014-10-17T09:29:16","guid":{"rendered":"http:\/\/sport.folyondar.akosv.com\/?page_id=292"},"modified":"2022-02-10T09:51:48","modified_gmt":"2022-02-10T07:51:48","slug":"sportolj","status":"publish","type":"page","link":"https:\/\/folyondar.hu\/?page_id=292","title":{"rendered":"Sportolj"},"content":{"rendered":"<div class=\"ezcol ezcol-one-half\">\n<h2><span style=\"color: #c6006f;\">Sportolj a Folyond\u00e1rban!<\/span><\/h2>\n<p style=\"text-align: justify;\">A rendszeres testmozg\u00e1s az eg\u00e9szs\u00e9ges \u00e9letm\u00f3d alapja, mely nem csak a testnek, hanem a l\u00e9leknek is alapvet\u0151 sz\u00fcks\u00e9glete. Itt a Folyond\u00e1rban az\u00e9rt vagyunk, hogy seg\u00edts\u00fcnk c\u00e9ljaid megval\u00f3s\u00edt\u00e1s\u00e1ban, eg\u00e9szs\u00e9ged meg\u0151rz\u00e9s\u00e9ben, mindezt korszer\u0171en felszerelt termekben, ig\u00e9nyes k\u00f6rnyezetben. C\u00e9lunk az, hogy el\u00e9gedetten, felfriss\u00fclve \u00e9s \u00f6nbizalommal telve t\u00e1vozz, alig v\u00e1rva a k\u00f6vetkez\u0151 edz\u00e9st.<\/p>\n<p style=\"text-align: justify;\">A <a title=\"Fitnesz\" href=\"http:\/\/folyondar.hu\/hu\/fitness-terem-iii-kerulet\/\" target=\"_blank\" rel=\"noopener noreferrer\">fitness teremben<\/a> a legmodernebb LifeFitness g\u00e9pcsal\u00e1d \u00e9s Cybex trainer v\u00e1r, ahol falra szerelt LCD telev\u00edzi\u00f3inknak k\u00f6sz\u00f6nhet\u0151en m\u00e9g a g\u00e9peken t\u00f6lt\u00f6tt id\u0151 sem v\u00e1lhat unalmass\u00e1. Tapasztalt szem\u00e9lyi edz\u0151ink a g\u00e9ppark mellett olyan funkcion\u00e1lis m\u00f3dszereket \u00e9s eszk\u00f6z\u00f6ket is haszn\u00e1lnak, melyekkel gyorsabban \u00e9s hat\u00e1sosabban \u00e9rheted el c\u00e9ljaidat.<\/p>\n<p style=\"text-align: justify;\">Napos t\u00e1ncterm\u00fcnkben <a title=\"Csoportos \u00f3r\u00e1k\" href=\"http:\/\/folyondar.hu\/hu\/csoportos-orak\/\" target=\"_blank\" rel=\"noopener noreferrer\">csoportos \u00f3r\u00e1k<\/a> sz\u00e9les v\u00e1laszt\u00e9k\u00e1val v\u00e1runk \u00e9s gondoskodunk r\u00f3la, hogy valamennyi koroszt\u00e1ly megtal\u00e1lja a sz\u00e1m\u00e1ra legkedvesebb mozg\u00e1sform\u00e1t.<\/p>\n<p style=\"text-align: justify;\">Ny\u00e1ron 8 db kiv\u00e1l\u00f3 min\u0151s\u00e9g\u0171 salakos teniszp\u00e1ly\u00e1val \u00e9s k\u00e9t kem\u00e9ny p\u00e1ly\u00e1val v\u00e1rjuk a tet\u0151p\u00e1ly\u00e1inkon a kiscelli parkerd\u0151 sz\u00e9l\u00e9n, csendes, nyugodt, friss leveg\u0151j\u0171 k\u00f6rnyezetben. T\u00e9len k\u00e9t fedett s\u00e1torral, 7 salakos p\u00e1ly\u00e1val rendelkez\u00fcnk. Mind a szabadid\u0151s, mind a versenysportot kedvel\u0151 teniszeseket v\u00e1rjuk szeretettel!<\/p>\n<p style=\"text-align: justify;\">L\u00e1togass el hozz\u00e1nk \u00e9s \u00e9rezd a k\u00fcl\u00f6nbs\u00e9get!<\/p>\n<\/div> <div class=\"ezcol ezcol-one-half ezcol-last\"><img loading=\"lazy\" decoding=\"async\" class=\"alignnone  wp-image-938\" src=\"http:\/\/folyondar.hu\/wp-content\/uploads\/2014\/11\/10.jpg\" alt=\"csoportos \u00f3r\u00e1k\" width=\"511\" height=\"340\" \/><img loading=\"lazy\" decoding=\"async\" class=\"alignnone size-full wp-image-667\" src=\"http:\/\/folyondar.hu\/wp-content\/uploads\/2014\/10\/image3004.png\" alt=\"image3004\" width=\"509\" height=\"300\" \/><\/div><div class=\"ezcol-divider\"><\/div><\/p>\n<h3 style=\"text-align: center;\"><span style=\"color: #c6006f;\">Sportol\u00e1si lehet\u0151s\u00e9g<\/span><\/h3>\n<p style=\"text-align: left;\"><div class=\"three column\"><a title=\"Tenisz\" href=\"http:\/\/folyondar.hu\/hu\/tenisz-2\/\" target=\"_blank\" rel=\"noopener noreferrer\"><img loading=\"lazy\" decoding=\"async\" class=\"alignnone  wp-image-1001\" src=\"http:\/\/folyondar.hu\/wp-content\/uploads\/2014\/10\/teniszpalya6.jpg\" alt=\"teniszpalya6\" width=\"332\" height=\"222\" \/><\/a><a title=\"Tenisz\" href=\"http:\/\/folyondar.hu\/hu\/tenisz-2\/\" target=\"_blank\" rel=\"noopener noreferrer\">Tenisz<\/a><\/p>\n<p style=\"text-align: left;\"><\/div><div class=\"three column\"><a title=\"Fitnesz\" href=\"http:\/\/folyondar.hu\/hu\/fitness-terem-iii-kerulet\/\" target=\"_blank\" rel=\"noopener noreferrer\"><img loading=\"lazy\" decoding=\"async\" class=\"alignnone  wp-image-992\" src=\"http:\/\/folyondar.hu\/wp-content\/uploads\/2014\/10\/y9k0028-2.jpg\" alt=\"fitnesz folyond\u00e1r \" width=\"317\" height=\"211\" \/>Fitnesz <\/a><\/div><div class=\"three column\"><a title=\"Csoportos \u00f3r\u00e1k\" href=\"http:\/\/folyondar.hu\/hu\/csoportos-orak\/\" target=\"_blank\" rel=\"noopener noreferrer\"><img loading=\"lazy\" decoding=\"async\" class=\"alignnone  wp-image-977\" src=\"http:\/\/folyondar.hu\/wp-content\/uploads\/2014\/11\/cardiobalett.jpg\" alt=\"cardiobalett\" width=\"291\" height=\"194\" \/><\/a><a title=\"Csoportos \u00f3r\u00e1k\" href=\"http:\/\/folyondar.hu\/hu\/csoportos-orak\/\" target=\"_blank\" rel=\"noopener noreferrer\">Csoportos \u00f3r\u00e1k <\/a><\/div><div class=\"three column\"><a title=\"Gyermeksport\" href=\"http:\/\/folyondar.hu\/hu\/gyermeksport\/\" target=\"_blank\" rel=\"noopener noreferrer\"><img loading=\"lazy\" decoding=\"async\" class=\"alignnone  wp-image-1006\" src=\"http:\/\/folyondar.hu\/wp-content\/uploads\/2014\/10\/BM_Hip_Hop4.jpg\" alt=\"BM_Hip_Hop4\" width=\"367\" height=\"244\" \/><\/a><a title=\"Gyermeksport\" href=\"http:\/\/folyondar.hu\/hu\/gyermeksport\/\" target=\"_blank\" rel=\"noopener noreferrer\">Gyermeksport<\/a><\/div><span class=\"clearfix\"> <\/span><\/p>\n","protected":false},"excerpt":{"rendered":"<p>Sportol\u00e1si lehet\u0151s\u00e9g Tenisz Fitnesz Csoportos \u00f3r\u00e1k Gyermeksport<\/p>\n","protected":false},"author":1,"featured_media":2294,"parent":2,"menu_order":0,"comment_status":"open","ping_status":"open","template":"","meta":{"footnotes":""},"class_list":["post-292","page","type-page","status-publish","has-post-thumbnail","hentry"],"_links":{"self":[{"href":"https:\/\/folyondar.hu\/index.php?rest_route=\/wp\/v2\/pages\/292","targetHints":{"allow":["GET"]}}],"collection":[{"href":"https:\/\/folyondar.hu\/index.php?rest_route=\/wp\/v2\/pages"}],"about":[{"href":"https:\/\/folyondar.hu\/index.php?rest_route=\/wp\/v2\/types\/page"}],"author":[{"embeddable":true,"href":"https:\/\/folyondar.hu\/index.php?rest_route=\/wp\/v2\/users\/1"}],"replies":[{"embeddable":true,"href":"https:\/\/folyondar.hu\/index.php?rest_route=%2Fwp%2Fv2%2Fcomments&post=292"}],"version-history":[{"count":1,"href":"https:\/\/folyondar.hu\/index.php?rest_route=\/wp\/v2\/pages\/292\/revisions"}],"predecessor-version":[{"id":4806,"href":"https:\/\/folyondar.hu\/index.php?rest_route=\/wp\/v2\/pages\/292\/revisions\/4806"}],"up":[{"embeddable":true,"href":"https:\/\/folyondar.hu\/index.php?rest_route=\/wp\/v2\/pages\/2"}],"wp:featuredmedia":[{"embeddable":true,"href":"https:\/\/folyondar.hu\/index.php?rest_route=\/wp\/v2\/media\/2294"}],"wp:attachment":[{"href":"https:\/\/folyondar.hu\/index.php?rest_route=%2Fwp%2Fv2%2Fmedia&parent=292"}],"curies":[{"name":"wp","href":"https:\/\/api.w.org\/{rel}","templated":true}]}}