{"id":30,"date":"2015-05-26T10:45:24","date_gmt":"2014-10-13T08:53:42","guid":{"rendered":"http:\/\/sport.folyondar.akosv.com\/?page_id=30"},"modified":"2025-08-13T10:30:02","modified_gmt":"2025-08-13T08:30:02","slug":"szolgaltatasok","status":"publish","type":"page","link":"https:\/\/folyondar.hu\/?page_id=30","title":{"rendered":"Folyond\u00e1r Caf\u00e9"},"content":{"rendered":"\n<p>Az el\u0151csarnokban tal\u00e1lhat\u00f3 Folyond\u00e1r Caf\u00e9 helyben k\u00e9sz\u00edtett szendvicsekkel v\u00e1rja vend\u00e9geit. A klasszikus k\u00e1v\u00e9z\u00f3i k\u00edn\u00e1lat mellett feh\u00e9rjeturmixok, energiaszeletek \u00e9s sportitalok is fogyaszthat\u00f3ak.<\/p>\n\n\n\n<p>Az el\u0151csarnokban ingyenes wifi \u00e9s t\u00e9v\u00e9 szolg\u00e1lja a kikapcsol\u00f3d\u00e1st. Tavaszt\u00f3l \u0151szig pedig a terasz \u00e9s a teniszp\u00e1ly\u00e1kra r\u00e1l\u00e1t\u00e1st biztos\u00edt\u00f3 lounge terasz is v\u00e1rja a vend\u00e9geket!<\/p>\n\n\n\n<figure class=\"wp-block-image size-large\"><a href=\"http:\/\/folyondar.hu\/wp-content\/uploads\/2023\/05\/folyondareloter.png\"><img loading=\"lazy\" decoding=\"async\" width=\"1024\" height=\"512\" src=\"http:\/\/folyondar.hu\/wp-content\/uploads\/2023\/05\/folyondareloter-1024x512.png\" alt=\"\" class=\"wp-image-5305\" srcset=\"https:\/\/folyondar.hu\/wp-content\/uploads\/2023\/05\/folyondareloter-1024x512.png 1024w, https:\/\/folyondar.hu\/wp-content\/uploads\/2023\/05\/folyondareloter-300x150.png 300w, https:\/\/folyondar.hu\/wp-content\/uploads\/2023\/05\/folyondareloter-768x384.png 768w, https:\/\/folyondar.hu\/wp-content\/uploads\/2023\/05\/folyondareloter-500x250.png 500w, https:\/\/folyondar.hu\/wp-content\/uploads\/2023\/05\/folyondareloter-1100x550.png 1100w, https:\/\/folyondar.hu\/wp-content\/uploads\/2023\/05\/folyondareloter.png 1204w\" sizes=\"auto, (max-width: 1024px) 100vw, 1024px\" \/><\/a><\/figure>\n\n\n\n<figure class=\"wp-block-gallery columns-3 is-cropped wp-block-gallery-1 is-layout-flex wp-block-gallery-is-layout-flex\"><ul class=\"blocks-gallery-grid\"><li class=\"blocks-gallery-item\"><figure><a href=\"http:\/\/folyondar.hu\/wp-content\/uploads\/2023\/05\/muffin.png\"><img loading=\"lazy\" decoding=\"async\" width=\"500\" height=\"500\" src=\"http:\/\/folyondar.hu\/wp-content\/uploads\/2023\/05\/muffin.png\" alt=\"\" data-id=\"5307\" data-link=\"http:\/\/folyondar.hu\/hu\/szolgaltatasok\/muffin\/\" class=\"wp-image-5307\" srcset=\"https:\/\/folyondar.hu\/wp-content\/uploads\/2023\/05\/muffin.png 500w, https:\/\/folyondar.hu\/wp-content\/uploads\/2023\/05\/muffin-300x300.png 300w, https:\/\/folyondar.hu\/wp-content\/uploads\/2023\/05\/muffin-150x150.png 150w, https:\/\/folyondar.hu\/wp-content\/uploads\/2023\/05\/muffin-400x400.png 400w\" sizes=\"auto, (max-width: 500px) 100vw, 500px\" \/><\/a><\/figure><\/li><li class=\"blocks-gallery-item\"><figure><a href=\"http:\/\/folyondar.hu\/wp-content\/uploads\/2023\/05\/matcha-latte-1.png\"><img loading=\"lazy\" decoding=\"async\" width=\"500\" height=\"500\" src=\"http:\/\/folyondar.hu\/wp-content\/uploads\/2023\/05\/matcha-latte-1.png\" alt=\"\" data-id=\"5308\" data-link=\"http:\/\/folyondar.hu\/hu\/szolgaltatasok\/matcha-latte-1\/\" class=\"wp-image-5308\" srcset=\"https:\/\/folyondar.hu\/wp-content\/uploads\/2023\/05\/matcha-latte-1.png 500w, https:\/\/folyondar.hu\/wp-content\/uploads\/2023\/05\/matcha-latte-1-300x300.png 300w, https:\/\/folyondar.hu\/wp-content\/uploads\/2023\/05\/matcha-latte-1-150x150.png 150w, https:\/\/folyondar.hu\/wp-content\/uploads\/2023\/05\/matcha-latte-1-400x400.png 400w\" sizes=\"auto, (max-width: 500px) 100vw, 500px\" \/><\/a><\/figure><\/li><li class=\"blocks-gallery-item\"><figure><a href=\"http:\/\/folyondar.hu\/wp-content\/uploads\/2023\/05\/narancsle.png\"><img loading=\"lazy\" decoding=\"async\" width=\"500\" height=\"500\" src=\"http:\/\/folyondar.hu\/wp-content\/uploads\/2023\/05\/narancsle.png\" alt=\"\" data-id=\"5310\" data-full-url=\"http:\/\/folyondar.hu\/wp-content\/uploads\/2023\/05\/narancsle.png\" data-link=\"http:\/\/folyondar.hu\/hu\/szolgaltatasok\/narancsle\/\" class=\"wp-image-5310\" srcset=\"https:\/\/folyondar.hu\/wp-content\/uploads\/2023\/05\/narancsle.png 500w, https:\/\/folyondar.hu\/wp-content\/uploads\/2023\/05\/narancsle-300x300.png 300w, https:\/\/folyondar.hu\/wp-content\/uploads\/2023\/05\/narancsle-150x150.png 150w, https:\/\/folyondar.hu\/wp-content\/uploads\/2023\/05\/narancsle-400x400.png 400w\" sizes=\"auto, (max-width: 500px) 100vw, 500px\" \/><\/a><\/figure><\/li><\/ul><\/figure>\n\n\n\n<p><\/p>\n","protected":false},"excerpt":{"rendered":"<p>Az el\u0151csarnokban tal\u00e1lhat\u00f3 Folyond\u00e1r Caf\u00e9 helyben k\u00e9sz\u00edtett szendvicsekkel v\u00e1rja vend\u00e9geit. A klasszikus k\u00e1v\u00e9z\u00f3i k\u00edn\u00e1lat mellett feh\u00e9rjeturmixok, energiaszeletek \u00e9s sportitalok is fogyaszthat\u00f3ak. Az el\u0151csarnokban ingyenes wifi \u00e9s t\u00e9v\u00e9 szolg\u00e1lja a kikapcsol\u00f3d\u00e1st. Tavaszt\u00f3l \u0151szig pedig a terasz \u00e9s a teniszp\u00e1ly\u00e1kra r\u00e1l\u00e1t\u00e1st biztos\u00edt\u00f3 lounge terasz is v\u00e1rja a vend\u00e9geket!<\/p>\n","protected":false},"author":1,"featured_media":3156,"parent":0,"menu_order":0,"comment_status":"open","ping_status":"open","template":"","meta":{"footnotes":""},"class_list":["post-30","page","type-page","status-publish","has-post-thumbnail","hentry"],"_links":{"self":[{"href":"https:\/\/folyondar.hu\/index.php?rest_route=\/wp\/v2\/pages\/30","targetHints":{"allow":["GET"]}}],"collection":[{"href":"https:\/\/folyondar.hu\/index.php?rest_route=\/wp\/v2\/pages"}],"about":[{"href":"https:\/\/folyondar.hu\/index.php?rest_route=\/wp\/v2\/types\/page"}],"author":[{"embeddable":true,"href":"https:\/\/folyondar.hu\/index.php?rest_route=\/wp\/v2\/users\/1"}],"replies":[{"embeddable":true,"href":"https:\/\/folyondar.hu\/index.php?rest_route=%2Fwp%2Fv2%2Fcomments&post=30"}],"version-history":[{"count":11,"href":"https:\/\/folyondar.hu\/index.php?rest_route=\/wp\/v2\/pages\/30\/revisions"}],"predecessor-version":[{"id":5604,"href":"https:\/\/folyondar.hu\/index.php?rest_route=\/wp\/v2\/pages\/30\/revisions\/5604"}],"wp:featuredmedia":[{"embeddable":true,"href":"https:\/\/folyondar.hu\/index.php?rest_route=\/wp\/v2\/media\/3156"}],"wp:attachment":[{"href":"https:\/\/folyondar.hu\/index.php?rest_route=%2Fwp%2Fv2%2Fmedia&parent=30"}],"curies":[{"name":"wp","href":"https:\/\/api.w.org\/{rel}","templated":true}]}}