{"id":571,"date":"2015-03-09T13:49:31","date_gmt":"2014-11-07T18:22:50","guid":{"rendered":"http:\/\/folyondar.hu\/?page_id=571"},"modified":"2025-09-10T15:45:34","modified_gmt":"2025-09-10T13:45:34","slug":"gyermeksport-orarend","status":"publish","type":"page","link":"https:\/\/folyondar.hu\/?page_id=571","title":{"rendered":"Gyermeksport \u00d3rarend"},"content":{"rendered":"\n<p class=\"has-text-align-center\">Ny\u00e1ri sz\u00fcnetben nincsenek tanfolyamaink, helyette t\u00e1borokba v\u00e1rjuk a gyerekeket.<\/p>\n\n\n<h4>\u00a0<\/h4>\n<h4 style=\"text-align: center;\"><span style=\"color: #c6006f;\"><strong><a style=\"color: #c6006f;\" href=\"http:\/\/folyondar.hu\/members\/bolla-mariann\/\">Bolla Mariann<\/a> Hip- Hop<\/strong><\/span><\/h4>\n<table style=\"height: 147px; margin: auto;\" width=\"690\">\n<tbody>\n<tr>\n<td style=\"width: 300px;\">\u00a0<\/td>\n<td style=\"text-align: center;\"><span style=\"color: #333333;\"><strong>Kedd<\/strong><\/span><\/td>\n<td style=\"text-align: center;\"><span style=\"color: #333333;\"><strong>P\u00e9ntek<\/strong><\/span><\/td>\n<\/tr>\n<tr>\n<td style=\"width: 280px;\"><span style=\"color: #808080;\"><strong>Hip- Hop Kiscsoport (5-8 \u00e9v)<br \/><\/strong><\/span><\/td>\n<td style=\"width: 200px; text-align: center;\"><span style=\"color: #808080;\">16.00 &#8211; 17.00<\/span><\/td>\n<td style=\"width: 150px; text-align: center;\"><span style=\"color: #808080;\">16.00 &#8211; 17.00<\/span><\/td>\n<\/tr>\n<tr>\n<td><span style=\"color: #808080;\"><strong>Hip- Hop Nagycsoport (8-14 \u00e9v)<br \/><\/strong><\/span><\/td>\n<td style=\"text-align: center;\"><span style=\"color: #808080;\">17.00 &#8211; 18.00<\/span><\/td>\n<td style=\"text-align: center;\"><span style=\"color: #808080;\">17.00 &#8211; 18.00<\/span><\/td>\n<\/tr>\n<\/tbody>\n<\/table>\n<p>\u00a0<\/p>","protected":false},"excerpt":{"rendered":"<p>Ny\u00e1ri sz\u00fcnetben nincsenek tanfolyamaink, helyette t\u00e1borokba v\u00e1rjuk a gyerekeket. \u00a0 Bolla Mariann Hip- Hop \u00a0 Kedd P\u00e9ntek Hip- Hop Kiscsoport (5-8 \u00e9v) 16.00 &#8211; 17.00 16.00 &#8211; 17.00 Hip- Hop Nagycsoport (8-14 \u00e9v) 17.00 &#8211; 18.00 17.00 &#8211; 18.00 \u00a0<\/p>\n","protected":false},"author":1,"featured_media":2812,"parent":0,"menu_order":0,"comment_status":"closed","ping_status":"closed","template":"","meta":{"footnotes":""},"class_list":["post-571","page","type-page","status-publish","has-post-thumbnail","hentry"],"_links":{"self":[{"href":"https:\/\/folyondar.hu\/index.php?rest_route=\/wp\/v2\/pages\/571","targetHints":{"allow":["GET"]}}],"collection":[{"href":"https:\/\/folyondar.hu\/index.php?rest_route=\/wp\/v2\/pages"}],"about":[{"href":"https:\/\/folyondar.hu\/index.php?rest_route=\/wp\/v2\/types\/page"}],"author":[{"embeddable":true,"href":"https:\/\/folyondar.hu\/index.php?rest_route=\/wp\/v2\/users\/1"}],"replies":[{"embeddable":true,"href":"https:\/\/folyondar.hu\/index.php?rest_route=%2Fwp%2Fv2%2Fcomments&post=571"}],"version-history":[{"count":5,"href":"https:\/\/folyondar.hu\/index.php?rest_route=\/wp\/v2\/pages\/571\/revisions"}],"predecessor-version":[{"id":5623,"href":"https:\/\/folyondar.hu\/index.php?rest_route=\/wp\/v2\/pages\/571\/revisions\/5623"}],"wp:featuredmedia":[{"embeddable":true,"href":"https:\/\/folyondar.hu\/index.php?rest_route=\/wp\/v2\/media\/2812"}],"wp:attachment":[{"href":"https:\/\/folyondar.hu\/index.php?rest_route=%2Fwp%2Fv2%2Fmedia&parent=571"}],"curies":[{"name":"wp","href":"https:\/\/api.w.org\/{rel}","templated":true}]}}