{"id":6,"date":"2015-03-09T12:34:35","date_gmt":"2014-10-13T08:54:21","guid":{"rendered":"http:\/\/sport.folyondar.akosv.com\/?page_id=6"},"modified":"2025-08-12T15:50:44","modified_gmt":"2025-08-12T13:50:44","slug":"rolunk","status":"publish","type":"page","link":"https:\/\/folyondar.hu\/?page_id=6","title":{"rendered":"R\u00f3lunk"},"content":{"rendered":"<h4 style=\"text-align: center;\"><\/h4>\n<div class=\"six column\">\n<p><a href=\"http:\/\/folyondar.hu\/wp-content\/uploads\/2014\/10\/log\u00f3vali1.png\"><img loading=\"lazy\" decoding=\"async\" class=\"alignnone size-full wp-image-45\" src=\"http:\/\/folyondar.hu\/wp-content\/uploads\/2014\/10\/log\u00f3vali1.png\" alt=\"folyond\u00e1r log\u00f3\" width=\"321\" height=\"66\" \/><\/a><\/p>\n<p style=\"text-align: justify;\">A <strong>Folyond\u00e1r Vasas Sport- \u00e9s T\u00e1nck\u00f6zpont<\/strong> a III. ker\u00fclet egyik legszebb r\u00e9sz\u00e9n, a Kiscelli parkerd\u0151 szomsz\u00e9ds\u00e1g\u00e1ban, \u0151sf\u00e1kkal \u00f6vezett parkban fekszik. K\u00f6nnyen \u00e9s gyorsan megk\u00f6zel\u00edthet\u0151 helyen, m\u00e9gis t\u00e1vol a f\u0151v\u00e1ros ny\u00fczsg\u0151, zajos forgatag\u00e1t\u00f3l.<\/p>\n<p style=\"text-align: justify;\">Magyarorsz\u00e1g nagy m\u00falt\u00fa <strong>sportk\u00f6zpont<\/strong>jak\u00e9nt \u00e9s <strong>rendezv\u00e9nyszervez\u0151 c\u00e9g<\/strong>ek\u00e9nt m\u00e1sk\u00e9nt tekint\u00fcnk a rendezv\u00e9nyekre. Mi a sportoss\u00e1g \u00e9s a dinamizmus jegy\u00e9ben \u00e9l\u00fcnk \u00e9s dolgozunk, s ezt k\u00edn\u00e1ljuk minden vend\u00e9g\u00fcnknek, \u00edgy \u00d6nnek \u00e9s a c\u00e9g\u00e9nek is.\u00a0N\u00e1lunk a sportoss\u00e1g a <strong>min\u0151s\u00e9g garanci\u00e1ja<\/strong>, mert k\u00fcl\u00f6nleges helysz\u00ednen, ig\u00e9nyes k\u00f6rnyezetben, v\u00e1logatott programokat biztos\u00edtunk kiv\u00e1l\u00f3 oktat\u00f3kkal. A dinamizmus pedig egyet jelent a <strong>rugalmass\u00e1g<\/strong>gal, a gyors helyzetfelismer\u00e9ssel, a kreat\u00edv megold\u00e1sokkal, tartalommal \u00e9s szolg\u00e1ltat\u00e1sokkal, a z\u00f6kken\u0151mentes lebonyol\u00edt\u00e1ssal. Nek\u00fcnk kiz\u00e1r\u00f3lag az fontos, hogy az \u00d6n ig\u00e9nyeit kiel\u00e9g\u00edts\u00fck, az elv\u00e1r\u00e1sainak megfelelj\u00fcnk. Megk\u00fcl\u00f6nb\u00f6ztetett figyelm\u00fcnk k\u00f6z\u00e9ppontj\u00e1ban \u00d6n \u00e1ll.<\/p>\n<h4 style=\"text-align: center;\"><span style=\"color: #c6006f;\"><strong>Ha szeretne valami \u00fajat, valami m\u00e1st, valami eml\u00e9kezetest \u2013 most megtal\u00e1lta!<\/strong><\/span><\/h4>\n<p><\/div><div class=\"six column\"><a href=\"http:\/\/folyondar.hu\/wp-content\/uploads\/2014\/11\/eloter02.jpg\"><img loading=\"lazy\" decoding=\"async\" class=\"alignnone size-full wp-image-586\" src=\"http:\/\/folyondar.hu\/wp-content\/uploads\/2014\/11\/eloter02.jpg\" alt=\"eloter02\" width=\"800\" height=\"321\" \/><\/a><a href=\"http:\/\/folyondar.hu\/wp-content\/uploads\/2014\/10\/udvar.jpg\"><img loading=\"lazy\" decoding=\"async\" class=\"alignnone size-full wp-image-1030\" src=\"http:\/\/folyondar.hu\/wp-content\/uploads\/2014\/10\/udvar.jpg\" alt=\"udvar\" width=\"752\" height=\"500\" \/><\/a><\/p>\n<\/div><span class=\"clearfix\"> <\/span>\n<h2 style=\"text-align: center;\">\u00a0<span style=\"color: #c6006f;\">L\u00e9tes\u00edtm\u00e9ny<\/span><\/h2>\n<p style=\"text-align: center;\"><div class=\"three column\"><a title=\"Tenisz folyond\u00e1r\" href=\"http:\/\/folyondar.hu\/hu\/tenisz-2\/\" target=\"_blank\" rel=\"noopener\"><img loading=\"lazy\" decoding=\"async\" class=\"alignnone  wp-image-93\" src=\"http:\/\/folyondar.hu\/wp-content\/uploads\/2014\/10\/teniszpalya3.jpg\" alt=\"teniszpalya3\" width=\"322\" height=\"216\" \/><\/a><span style=\"color: #c6006f;\"><a style=\"color: #c6006f;\" title=\"Tenisz\" href=\"http:\/\/folyondar.hu\/hu\/tenisz-2\/\" target=\"_blank\" rel=\"noopener\"><strong>Teniszp\u00e1ly\u00e1k<\/strong><\/a><\/span><\/div><div class=\"three column\"><a title=\"Fitnesz\" href=\"http:\/\/folyondar.hu\/hu\/fitness-terem-iii-kerulet\/\" target=\"_blank\" rel=\"noopener\"><img loading=\"lazy\" decoding=\"async\" class=\"alignnone  wp-image-1028\" src=\"http:\/\/folyondar.hu\/wp-content\/uploads\/2014\/10\/fitness09.jpg\" alt=\"fitness09\" width=\"408\" height=\"271\" \/><\/a><a title=\"Fitnesz\" href=\"http:\/\/folyondar.hu\/hu\/fitness-terem-iii-kerulet\/\" target=\"_blank\" rel=\"noopener\"><strong><span style=\"color: #c6006f;\">Fitness<\/span> <span style=\"color: #c6006f;\">terem<\/span><\/strong><\/a><\/div><div class=\"three column\"><a href=\"http:\/\/folyondar.hu\/wp-content\/uploads\/2014\/10\/aerobik-tancterem.jpg\"><img loading=\"lazy\" decoding=\"async\" class=\"alignnone  wp-image-421\" src=\"http:\/\/folyondar.hu\/wp-content\/uploads\/2014\/10\/aerobik-tancterem.jpg\" alt=\"aerobik tancterem\" width=\"254\" height=\"169\" \/><\/a><a title=\"T\u00e1ncterem\" href=\"http:\/\/folyondar.hu\/rolunk\/tancterem\/\" target=\"_blank\" rel=\"noopener\"><strong><span style=\"color: #c6006f;\">T\u00e1ncterem<\/span><\/strong><\/a><\/div><div class=\"three column\"><a title=\"Csarnok\" href=\"http:\/\/folyondar.hu\/hu\/rolunk\/csarnok\/\" target=\"_blank\" rel=\"noopener\"><img loading=\"lazy\" decoding=\"async\" class=\"alignnone  wp-image-980\" src=\"http:\/\/folyondar.hu\/wp-content\/uploads\/2014\/11\/csarnok1_resize.jpg\" alt=\"csarnok1_resize\" width=\"282\" height=\"188\" \/><\/a><a title=\"Csarnok\" href=\"http:\/\/folyondar.hu\/rolunk\/csarnok\/\" target=\"_blank\" rel=\"noopener\"><strong><span style=\"color: #c6006f;\">Csarnok<\/span><\/strong><\/a><\/div><span class=\"clearfix\"> <\/span><\/p>\n<p style=\"text-align: center;\"><strong>A Folyond\u00e1r Sport- \u00e9s T\u00e1nc h\u00e1zirendje \u00e9s parkol\u00f3szab\u00e1lyzata <a title=\"H\u00e1zirend\" href=\"http:\/\/folyondar.hu\/hu\/rolunk\/hazirend\/\" target=\"_blank\" rel=\"noopener\">itt <\/a>\u00e9rhet\u0151 el.<\/strong><\/p>\n<hr \/>\n<p style=\"text-align: center;\"><div class=\"six column\"><\/p>\n<p style=\"text-align: center;\"><iframe loading=\"lazy\" style=\"border: 0;\" src=\"https:\/\/www.google.com\/maps\/embed?pb=!1m14!1m8!1m3!1d2693.758388683545!2d19.028247!3d47.53356669999999!3m2!1i1024!2i768!4f13.1!3m3!1m2!1s0x4741d9456098957f%3A0x6e4a68dc9efe2e81!2sFolyond%C3%A1r+u.+15%2C+Budapest%2C+1037!5e0!3m2!1sen!2shu!4v1414599181702\" width=\"100%\" height=\"225\" frameborder=\"0\"><\/iframe><\/div><div class=\"six column\"><\/p>\n<h2 style=\"text-align: left;\"><span style=\"color: #c6006f;\">Kapcsolat<\/span><\/h2>\n<p style=\"text-align: left;\">C\u00cdM: 1037 Budapest, Folyond\u00e1r utca 15.<br \/>\nTELEFON:\u00a0+36 1 244 8850;\u00a0+36 70 967 1678<br \/>\nE-MAIL: recepcio@folyondar.hu<\/p>\n<p style=\"text-align: left;\"><a href=\"https:\/\/www.google.hu\/maps\/dir\/\/Folyond%C3%A1r+u.+15,+Budapest,+1037\/@47.5335667,19.028247,17z\/data=!4m13!1m4!3m3!1s0x4741d9456098957f:0x6e4a68dc9efe2e81!2sFolyond%C3%A1r+u.+15,+Budapest,+1037!3b1!4m7!1m0!1m5!1m1!1s0x4741d9456098957f:0x6e4a68dc9efe2e81!2m2!1d19.028247!2d47.5335667?hl=en\" target=\"_blank\" rel=\"noopener\">\u00daTVONALTERV<\/a><\/p>\n<p style=\"text-align: left;\"><span style=\"color: #333399;\"><span style=\"color: #808080;\">K\u00f6vess minket a<\/span> <a href=\"https:\/\/www.facebook.com\/folyondar\" target=\"_blank\" rel=\"noopener\"><span style=\"color: #c6006f;\">Facebook<\/span><\/a><span style=\"color: #808080;\">-on!<\/span><\/span><\/div><span class=\"clearfix\"> <\/span><\/p>\n<h3 style=\"text-align: center;\"><span style=\"color: #c6006f;\">Partnerek<\/span><\/h3>\n<p style=\"text-align: center;\"><a href=\"https:\/\/rendezvenyhelyszinek.hu\/ct\/e6d7abb0-f8a6-11e6-aa30-bb4784f4cbcb\"><img loading=\"lazy\" decoding=\"async\" src=\"https:\/\/rendezvenyhelyszinek.hu\/pp\/e6d7abb0-f8a6-11e6-aa30-bb4784f4cbcb.png\" alt=\"rendezv\u00e9nyhelyszinek.hu\" width=\"323\" height=\"80\" \/><\/a><\/p>\n","protected":false},"excerpt":{"rendered":"<p>A Folyond\u00e1r Vasas Sport- \u00e9s T\u00e1nck\u00f6zpont a III. ker\u00fclet egyik legszebb r\u00e9sz\u00e9n, a Kiscelli parkerd\u0151 szomsz\u00e9ds\u00e1g\u00e1ban, \u0151sf\u00e1kkal \u00f6vezett parkban fekszik. K\u00f6nnyen \u00e9s gyorsan megk\u00f6zel\u00edthet\u0151 helyen, m\u00e9gis t\u00e1vol a f\u0151v\u00e1ros ny\u00fczsg\u0151, zajos forgatag\u00e1t\u00f3l. Magyarorsz\u00e1g nagy m\u00falt\u00fa sportk\u00f6zpontjak\u00e9nt \u00e9s rendezv\u00e9nyszervez\u0151 c\u00e9gek\u00e9nt m\u00e1sk\u00e9nt tekint\u00fcnk a rendezv\u00e9nyekre. Mi a sportoss\u00e1g \u00e9s a dinamizmus jegy\u00e9ben \u00e9l\u00fcnk \u00e9s dolgozunk, s ezt&hellip;<\/p>\n","protected":false},"author":1,"featured_media":1823,"parent":0,"menu_order":0,"comment_status":"closed","ping_status":"closed","template":"","meta":{"footnotes":""},"class_list":["post-6","page","type-page","status-publish","has-post-thumbnail","hentry"],"_links":{"self":[{"href":"https:\/\/folyondar.hu\/index.php?rest_route=\/wp\/v2\/pages\/6","targetHints":{"allow":["GET"]}}],"collection":[{"href":"https:\/\/folyondar.hu\/index.php?rest_route=\/wp\/v2\/pages"}],"about":[{"href":"https:\/\/folyondar.hu\/index.php?rest_route=\/wp\/v2\/types\/page"}],"author":[{"embeddable":true,"href":"https:\/\/folyondar.hu\/index.php?rest_route=\/wp\/v2\/users\/1"}],"replies":[{"embeddable":true,"href":"https:\/\/folyondar.hu\/index.php?rest_route=%2Fwp%2Fv2%2Fcomments&post=6"}],"version-history":[{"count":7,"href":"https:\/\/folyondar.hu\/index.php?rest_route=\/wp\/v2\/pages\/6\/revisions"}],"predecessor-version":[{"id":5596,"href":"https:\/\/folyondar.hu\/index.php?rest_route=\/wp\/v2\/pages\/6\/revisions\/5596"}],"wp:featuredmedia":[{"embeddable":true,"href":"https:\/\/folyondar.hu\/index.php?rest_route=\/wp\/v2\/media\/1823"}],"wp:attachment":[{"href":"https:\/\/folyondar.hu\/index.php?rest_route=%2Fwp%2Fv2%2Fmedia&parent=6"}],"curies":[{"name":"wp","href":"https:\/\/api.w.org\/{rel}","templated":true}]}}